{"id":19313,"date":"2024-11-04T18:05:29","date_gmt":"2024-11-04T18:05:29","guid":{"rendered":"https:\/\/waybiller.com\/blog\/"},"modified":"2025-08-19T09:07:23","modified_gmt":"2025-08-19T09:07:23","slug":"blog","status":"publish","type":"page","link":"https:\/\/waybiller.com\/pl\/blog\/","title":{"rendered":"Blog"},"content":{"rendered":"<section class=\"section blog-hero\">\n\t<div class=\"container\">\n\t\t\t\t\t<h1>Nasz blog<\/h1>\n\t\t\t\t\t\t\t<p> Wgl\u0105d w bran\u017ce, kt\u00f3re obs\u0142ugujemy i dostarczane przez nas rozwi\u0105zania.<\/p>\n\t\t\t\t<div class=\"blog-search\">\n\t\t\t<input type=\"search\" data-template=\"blog\" placeholder=\"Szukaj\">\n\t\t<\/div>\n\t\t\n\t\t<ul  class=\"blog-category\">\n\t\t\t<li data-template=\"blog\" class=\"js-filter-item active\">Wszystkie kategorie <\/li>\n\t\t\t\t\t\t\t<li  class=\"js-filter-item\" data-template=\"blog\" data-category=\"240\" >E-list przewozowy <\/li>\n\t\t\t\t\t\t\t<li  class=\"js-filter-item\" data-template=\"blog\" data-category=\"241\" >O nas <\/li>\n\t\t\t\t\t\t\t<li  class=\"js-filter-item\" data-template=\"blog\" data-category=\"10\" >Bez kategorii <\/li>\n\t\t\t\t\t\t\t<li  class=\"js-filter-item\" data-template=\"blog\" data-category=\"94\" >Integracje <\/li>\n\t\t\t \n\t\t<\/div>\n\t<\/section>\n\n\t<section class=\"section blog-posts\">\n\t\t<div class=\"container\">\n\t\t\t<div class=\"flex js-filter\">\n\t\t\t\t\t\t\t\t\t\t\t\t\t\t\t\t\t\t\t<div class=\"col\">\n\t<a href=\"https:\/\/waybiller.com\/pl\/czym-sa-elektroniczne-listy-przewozowe\/\" class=\"blog-item\">\n\t\t<div class=\"image object-fit\">\n\t\t\t<img loading=\"lazy\" decoding=\"async\" width=\"1920\" height=\"1080\" src=\"https:\/\/waybiller.com\/wp-content\/uploads\/2024\/11\/Internal-activities-Eesti-Killustik-2-1920x1080-1.jpg\" class=\"attachment-post-thumbnail size-post-thumbnail wp-post-image\" alt=\"\" srcset=\"https:\/\/waybiller.com\/wp-content\/uploads\/2024\/11\/Internal-activities-Eesti-Killustik-2-1920x1080-1.jpg 1920w, https:\/\/waybiller.com\/wp-content\/uploads\/2024\/11\/Internal-activities-Eesti-Killustik-2-1920x1080-1-300x169.jpg 300w, https:\/\/waybiller.com\/wp-content\/uploads\/2024\/11\/Internal-activities-Eesti-Killustik-2-1920x1080-1-1024x576.jpg 1024w, https:\/\/waybiller.com\/wp-content\/uploads\/2024\/11\/Internal-activities-Eesti-Killustik-2-1920x1080-1-768x432.jpg 768w, https:\/\/waybiller.com\/wp-content\/uploads\/2024\/11\/Internal-activities-Eesti-Killustik-2-1920x1080-1-1536x864.jpg 1536w\" sizes=\"auto, (max-width: 1920px) 100vw, 1920px\" \/>\t\t\t<img decoding=\"async\" class=\"arrow svg-image\" src=\"https:\/\/waybiller.com\/wp-content\/themes\/waybiller\/assets\/img\/dist\/post-next.svg\" alt=\"\">\n\t\t<\/div>\n\t\t<div class=\"info\">\n\t\t\t<div class=\"title\">Czym s\u0105 elektroniczne listy przewozowe?<\/div>\n\t\t\t<p>Firmy transportowe i logistyczne musz\u0105 usprawni\u0107 i oszcz\u0119dzi\u0107 swoje procesy robocze. Istotn\u0105 innowacj\u0105 w tej dziedzinie jest e-list przewozowy, kt\u00f3ry pomaga zdigitalizowa\u0107 ca\u0142\u0105 dokumentacj\u0119 papierow\u0105 i zredukowa\u0107 ilo\u015b\u0107 papierkowej roboty. Czym s\u0105 elektroniczne listy przewozowe i dlaczego s\u0105 wa\u017cne? Elektroniczne listy przewozowe stanowi\u0105 cyfrow\u0105 alternatyw\u0119 dla tradycyjnych, papierowych list\u00f3w przewozowych, wykorzystywanych w organizacji transportu \u0142adunk\u00f3w. Elektroniczne listy przewozowe umo\u017cliwiaj\u0105 zarz\u0105dzanie danymi w czasie rzeczywistym, zmniejszaj\u0105c ryzyko b\u0142\u0119d\u00f3w i przyspieszaj\u0105c procesy&#8230;<\/p>\n\t\t\t<div class=\"btn read\" class=\"read\">Zobacz wi\u0119cej<\/div>\n\t\t<\/div>\n\t<\/a>\n<\/div>\t\t\t\t\t\t\t\t\t\t\t<div class=\"col\">\n\t<a href=\"https:\/\/waybiller.com\/pl\/popraw-wydajnosc-z-integracja-danych-wazenia\/\" class=\"blog-item\">\n\t\t<div class=\"image object-fit\">\n\t\t\t<img loading=\"lazy\" decoding=\"async\" width=\"2560\" height=\"1536\" src=\"https:\/\/waybiller.com\/wp-content\/uploads\/2022\/11\/IMG_5843-3-scaled.jpg\" class=\"attachment-post-thumbnail size-post-thumbnail wp-post-image\" alt=\"\" srcset=\"https:\/\/waybiller.com\/wp-content\/uploads\/2022\/11\/IMG_5843-3-scaled.jpg 2560w, https:\/\/waybiller.com\/wp-content\/uploads\/2022\/11\/IMG_5843-3-300x180.jpg 300w, https:\/\/waybiller.com\/wp-content\/uploads\/2022\/11\/IMG_5843-3-1024x614.jpg 1024w, https:\/\/waybiller.com\/wp-content\/uploads\/2022\/11\/IMG_5843-3-768x461.jpg 768w, https:\/\/waybiller.com\/wp-content\/uploads\/2022\/11\/IMG_5843-3-1536x922.jpg 1536w, https:\/\/waybiller.com\/wp-content\/uploads\/2022\/11\/IMG_5843-3-2048x1229.jpg 2048w\" sizes=\"auto, (max-width: 2560px) 100vw, 2560px\" \/>\t\t\t<img decoding=\"async\" class=\"arrow svg-image\" src=\"https:\/\/waybiller.com\/wp-content\/themes\/waybiller\/assets\/img\/dist\/post-next.svg\" alt=\"\">\n\t\t<\/div>\n\t\t<div class=\"info\">\n\t\t\t<div class=\"title\">Popraw wydajno\u015b\u0107 z integracj\u0105 danych wa\u017cenia<\/div>\n\t\t\t<p>W dobie dynamicznego rozwoju przemys\u0142u, wydajno\u015b\u0107 i precyzja s\u0105 kluczowe dla sukcesu firmy. Waybiller, esto\u0144ski lider w cyfryzacji sektora transportu masowego, przeciera szlaki w przeobra\u017caniu metod zarz\u0105dzania logistyk\u0105 dzi\u0119ki zaawansowanej integracji danych wa\u017cenia. Integruj\u0105c wagi za\u0142adunkowe i pomostowe, Waybiller umo\u017cliwia przesy\u0142anie tych warto\u015bci do chmury, dzi\u0119ki czemu s\u0105 one \u0142atwo dost\u0119pne i zapewniaj\u0105 wydajno\u015b\u0107. W tym po\u015bcie dowiesz si\u0119, w jaki spos\u00f3b rozwi\u0105zania Waybiller do integracji wagi zrewolucjonizowa\u0142y dzia\u0142alno\u015b\u0107 Eesti&#8230;<\/p>\n\t\t\t<div class=\"btn read\" class=\"read\">Zobacz wi\u0119cej<\/div>\n\t\t<\/div>\n\t<\/a>\n<\/div>\t\t\t\t\t\t\t\t\t\t\t<div class=\"col\">\n\t<a href=\"https:\/\/waybiller.com\/pl\/zobacz-jak-dzieki-waybiller-transport-odbywa-sie-bez-uzycia-papieru-w-wielu-branzach-od-kopaln-po-porty\/\" class=\"blog-item\">\n\t\t<div class=\"image object-fit\">\n\t\t\t<img loading=\"lazy\" decoding=\"async\" width=\"1124\" height=\"484\" src=\"https:\/\/waybiller.com\/wp-content\/uploads\/2022\/03\/1VsYcxhMnUDgf-Nm59reMtQ.jpg\" class=\"attachment-post-thumbnail size-post-thumbnail wp-post-image\" alt=\"\" srcset=\"https:\/\/waybiller.com\/wp-content\/uploads\/2022\/03\/1VsYcxhMnUDgf-Nm59reMtQ.jpg 1124w, https:\/\/waybiller.com\/wp-content\/uploads\/2022\/03\/1VsYcxhMnUDgf-Nm59reMtQ-300x129.jpg 300w, https:\/\/waybiller.com\/wp-content\/uploads\/2022\/03\/1VsYcxhMnUDgf-Nm59reMtQ-1024x441.jpg 1024w, https:\/\/waybiller.com\/wp-content\/uploads\/2022\/03\/1VsYcxhMnUDgf-Nm59reMtQ-768x331.jpg 768w\" sizes=\"auto, (max-width: 1124px) 100vw, 1124px\" \/>\t\t\t<img decoding=\"async\" class=\"arrow svg-image\" src=\"https:\/\/waybiller.com\/wp-content\/themes\/waybiller\/assets\/img\/dist\/post-next.svg\" alt=\"\">\n\t\t<\/div>\n\t\t<div class=\"info\">\n\t\t\t<div class=\"title\">Zobacz jak, dzi\u0119ki Waybiller, transport odbywa si\u0119 bez u\u017cycia papieru w wielu bran\u017cach \u2013 od kopal\u0144 po porty<\/div>\n\t\t\t<p>Stosowanie papierowych list\u00f3w przewozowych to olbrzymia strata papieru i czasu. Ka\u017cda przesy\u0142ka wymaga kopii list\u00f3w przewozowych, kt\u00f3re trzeba wype\u0142ni\u0107 r\u0119cznie, a potem wprowadzi\u0107 do arkusza kalkulacyjnego lub programu ksi\u0119guj\u0105cego. E-listy przewozowe przyspieszaj\u0105 ten proces, czyni\u0105 go bezpieczniejszym i bardziej ekologicznym. Dowiedz si\u0119, w jaki spos\u00f3b Waybiller eliminuje papierowe listy przewozowe w wielu bran\u017cach, od kopal\u0144 po porty, i u\u0142atwia \u017cycie ka\u017cdej ze stron. Waybiller jest bardzo \u0142atwy w obs\u0142udze -&#8230;<\/p>\n\t\t\t<div class=\"btn read\" class=\"read\">Zobacz wi\u0119cej<\/div>\n\t\t<\/div>\n\t<\/a>\n<\/div>\t\t\t\t\t\t\t\t\t\t\t\t\t\t\t\t<\/div>\n\t\t<\/div>\n\t<\/section>\n\n<section class=\"section more-link  \">\n\t<div class=\"container\">\n\t\t<h3>Wi\u0119cej informacji<\/h3>\n\t\t\t\t\t<ul>\n\t\t\t\t\n\t\t\t\t\t<li>\n\t\t\t\t\t\t\t\t\t\t\t\t\t<a href=\"https:\/\/waybiller.com\/pl\/kontakt\/\" target=\"_self\">Kontakt<\/a>\n\t\t\t\t\t\t\t\t\t\t\t<\/li>\n\t\t\t\t\n\t\t\t\t\t<li>\n\t\t\t\t\t\t\t\t\t\t\t\t\t<a href=\"https:\/\/waybiller.com\/pl\/studia-przypadkow\/\" target=\"_self\">Studia przypadk\u00f3w<\/a>\n\t\t\t\t\t\t\t\t\t\t\t<\/li>\n\t\t\t\t\t\t\t<\/ul>\n\t\t\t<\/div>\n<\/section>\n\n<section class=\"section partners\">\n\t<div class=\"container\">\n\t\t\t\t\t<div class=\"title\">\tJeste\u015b w dobrym towarzystwie dzi\u0119ki naszym zaufanym partnerom.<\/div>\n\t\t\t\t<div class=\"swiper partners-swiper\">\n\t\t\t<div class=\"swiper-wrapper\">\n\t\t\t\t\t\t\t\t\t\t\t\t\t\t\t<div class=\"swiper-slide\">\n\t\t\t\t\t\t\t<div class=\"partner-item\">\n\t\t\t\t\t\t\t\t<img loading=\"lazy\" decoding=\"async\" width=\"300\" height=\"90\" src=\"https:\/\/waybiller.com\/wp-content\/uploads\/2024\/10\/ragnsells-removebg-preview-e1659947607418.png\" class=\"attachment-full size-full\" alt=\"Ragn Sells\" \/>\t\t\t\t\t\t\t<\/div>\n\t\t\t\t\t\t<\/div>\n\t\t\t\t\t\t\t\t\t\t\t<div class=\"swiper-slide\">\n\t\t\t\t\t\t\t<div class=\"partner-item\">\n\t\t\t\t\t\t\t\t<img loading=\"lazy\" decoding=\"async\" width=\"154\" height=\"41\" src=\"https:\/\/waybiller.com\/wp-content\/uploads\/2024\/10\/kevili-4.png\" class=\"attachment-full size-full\" alt=\"Kevili\" srcset=\"https:\/\/waybiller.com\/wp-content\/uploads\/2024\/10\/kevili-4.png 154w, https:\/\/waybiller.com\/wp-content\/uploads\/2024\/10\/kevili-4-150x41.png 150w\" sizes=\"auto, (max-width: 154px) 100vw, 154px\" \/>\t\t\t\t\t\t\t<\/div>\n\t\t\t\t\t\t<\/div>\n\t\t\t\t\t\t\t\t\t\t\t<div class=\"swiper-slide\">\n\t\t\t\t\t\t\t<div class=\"partner-item\">\n\t\t\t\t\t\t\t\t<img loading=\"lazy\" decoding=\"async\" width=\"300\" height=\"59\" src=\"https:\/\/waybiller.com\/wp-content\/uploads\/2024\/10\/knc_logo-removebg-preview-e1659947539907.png\" class=\"attachment-full size-full\" alt=\"KNC\" \/>\t\t\t\t\t\t\t<\/div>\n\t\t\t\t\t\t<\/div>\n\t\t\t\t\t\t\t\t\t\t\t<div class=\"swiper-slide\">\n\t\t\t\t\t\t\t<div class=\"partner-item\">\n\t\t\t\t\t\t\t\t<img loading=\"lazy\" decoding=\"async\" width=\"192\" height=\"58\" src=\"https:\/\/waybiller.com\/wp-content\/uploads\/2024\/10\/logo.svg\" class=\"attachment-full size-full\" alt=\"Scandagra\" \/>\t\t\t\t\t\t\t<\/div>\n\t\t\t\t\t\t<\/div>\n\t\t\t\t\t\t\t\t\t\t\t<div class=\"swiper-slide\">\n\t\t\t\t\t\t\t<div class=\"partner-item\">\n\t\t\t\t\t\t\t\t<img loading=\"lazy\" decoding=\"async\" width=\"2064\" height=\"461\" src=\"https:\/\/waybiller.com\/wp-content\/uploads\/2024\/10\/Naeroysund-Kraftbetong-AS-logo-uai-2064x461-1.png\" class=\"attachment-full size-full\" alt=\"Naeroysund Kraftbetong\" srcset=\"https:\/\/waybiller.com\/wp-content\/uploads\/2024\/10\/Naeroysund-Kraftbetong-AS-logo-uai-2064x461-1.png 2064w, https:\/\/waybiller.com\/wp-content\/uploads\/2024\/10\/Naeroysund-Kraftbetong-AS-logo-uai-2064x461-1-300x67.png 300w, https:\/\/waybiller.com\/wp-content\/uploads\/2024\/10\/Naeroysund-Kraftbetong-AS-logo-uai-2064x461-1-1024x229.png 1024w, https:\/\/waybiller.com\/wp-content\/uploads\/2024\/10\/Naeroysund-Kraftbetong-AS-logo-uai-2064x461-1-768x172.png 768w, https:\/\/waybiller.com\/wp-content\/uploads\/2024\/10\/Naeroysund-Kraftbetong-AS-logo-uai-2064x461-1-1536x343.png 1536w, https:\/\/waybiller.com\/wp-content\/uploads\/2024\/10\/Naeroysund-Kraftbetong-AS-logo-uai-2064x461-1-2048x457.png 2048w\" sizes=\"auto, (max-width: 2064px) 100vw, 2064px\" \/>\t\t\t\t\t\t\t<\/div>\n\t\t\t\t\t\t<\/div>\n\t\t\t\t\t\t\t\t\t\t\t<div class=\"swiper-slide\">\n\t\t\t\t\t\t\t<div class=\"partner-item\">\n\t\t\t\t\t\t\t\t<img loading=\"lazy\" decoding=\"async\" width=\"250\" height=\"250\" src=\"https:\/\/waybiller.com\/wp-content\/uploads\/2024\/10\/PKOliver-removebg-preview-e1659947635283.png\" class=\"attachment-full size-full\" alt=\"PK Oliver\" srcset=\"https:\/\/waybiller.com\/wp-content\/uploads\/2024\/10\/PKOliver-removebg-preview-e1659947635283.png 250w, https:\/\/waybiller.com\/wp-content\/uploads\/2024\/10\/PKOliver-removebg-preview-e1659947635283-150x150.png 150w\" sizes=\"auto, (max-width: 250px) 100vw, 250px\" \/>\t\t\t\t\t\t\t<\/div>\n\t\t\t\t\t\t<\/div>\n\t\t\t\t\t\t\t\t\t\t\t<div class=\"swiper-slide\">\n\t\t\t\t\t\t\t<div class=\"partner-item\">\n\t\t\t\t\t\t\t\t<img loading=\"lazy\" decoding=\"async\" width=\"250\" height=\"199\" src=\"https:\/\/waybiller.com\/wp-content\/uploads\/2024\/10\/rudus-removebg-preview-e1659947656123.png\" class=\"attachment-full size-full\" alt=\"Rudus\" \/>\t\t\t\t\t\t\t<\/div>\n\t\t\t\t\t\t<\/div>\n\t\t\t\t\t\t\t\t\t\t\t<div class=\"swiper-slide\">\n\t\t\t\t\t\t\t<div class=\"partner-item\">\n\t\t\t\t\t\t\t\t<img loading=\"lazy\" decoding=\"async\" width=\"920\" height=\"161\" src=\"https:\/\/waybiller.com\/wp-content\/uploads\/2024\/10\/tariston_logo.png\" class=\"attachment-full size-full\" alt=\"Tariston\" srcset=\"https:\/\/waybiller.com\/wp-content\/uploads\/2024\/10\/tariston_logo.png 920w, https:\/\/waybiller.com\/wp-content\/uploads\/2024\/10\/tariston_logo-300x53.png 300w, https:\/\/waybiller.com\/wp-content\/uploads\/2024\/10\/tariston_logo-768x134.png 768w\" sizes=\"auto, (max-width: 920px) 100vw, 920px\" \/>\t\t\t\t\t\t\t<\/div>\n\t\t\t\t\t\t<\/div>\n\t\t\t\t\t\t\t\t\t\t\t<div class=\"swiper-slide\">\n\t\t\t\t\t\t\t<div class=\"partner-item\">\n\t\t\t\t\t\t\t\t<img loading=\"lazy\" decoding=\"async\" width=\"464\" height=\"109\" src=\"https:\/\/waybiller.com\/wp-content\/uploads\/2024\/10\/trev2-Edited.png\" class=\"attachment-full size-full\" alt=\"Trev2\" srcset=\"https:\/\/waybiller.com\/wp-content\/uploads\/2024\/10\/trev2-Edited.png 464w, https:\/\/waybiller.com\/wp-content\/uploads\/2024\/10\/trev2-Edited-300x70.png 300w\" sizes=\"auto, (max-width: 464px) 100vw, 464px\" \/>\t\t\t\t\t\t\t<\/div>\n\t\t\t\t\t\t<\/div>\n\t\t\t\t\t\t\t\t\t\t\t<div class=\"swiper-slide\">\n\t\t\t\t\t\t\t<div class=\"partner-item\">\n\t\t\t\t\t\t\t\t<img loading=\"lazy\" decoding=\"async\" width=\"300\" height=\"108\" src=\"https:\/\/waybiller.com\/wp-content\/uploads\/2024\/10\/baltic_agro-removebg-preview-e1659947475113-1.png\" class=\"attachment-full size-full\" alt=\"Baltic Agro\" \/>\t\t\t\t\t\t\t<\/div>\n\t\t\t\t\t\t<\/div>\n\t\t\t\t\t\t\t\t\t\t\t<div class=\"swiper-slide\">\n\t\t\t\t\t\t\t<div class=\"partner-item\">\n\t\t\t\t\t\t\t\t<img loading=\"lazy\" decoding=\"async\" width=\"115\" height=\"42\" src=\"https:\/\/waybiller.com\/wp-content\/uploads\/2024\/10\/eesti-killustik-4.png\" class=\"attachment-full size-full\" alt=\"Eesti Killustik\" \/>\t\t\t\t\t\t\t<\/div>\n\t\t\t\t\t\t<\/div>\n\t\t\t\t\t\t\t\t\t\t\t\t\t\t\t\t\t\t\t\t\t\t\t\t<div class=\"swiper-slide\">\n\t\t\t\t\t\t\t<div class=\"partner-item\">\n\t\t\t\t\t\t\t\t<img loading=\"lazy\" decoding=\"async\" width=\"300\" height=\"90\" src=\"https:\/\/waybiller.com\/wp-content\/uploads\/2024\/10\/ragnsells-removebg-preview-e1659947607418.png\" class=\"attachment-full size-full\" alt=\"Ragn Sells\" \/>\t\t\t\t\t\t\t<\/div>\n\t\t\t\t\t\t<\/div>\n\t\t\t\t\t\t\t\t\t\t\t<div class=\"swiper-slide\">\n\t\t\t\t\t\t\t<div class=\"partner-item\">\n\t\t\t\t\t\t\t\t<img loading=\"lazy\" decoding=\"async\" width=\"154\" height=\"41\" src=\"https:\/\/waybiller.com\/wp-content\/uploads\/2024\/10\/kevili-4.png\" class=\"attachment-full size-full\" alt=\"Kevili\" srcset=\"https:\/\/waybiller.com\/wp-content\/uploads\/2024\/10\/kevili-4.png 154w, https:\/\/waybiller.com\/wp-content\/uploads\/2024\/10\/kevili-4-150x41.png 150w\" sizes=\"auto, (max-width: 154px) 100vw, 154px\" \/>\t\t\t\t\t\t\t<\/div>\n\t\t\t\t\t\t<\/div>\n\t\t\t\t\t\t\t\t\t\t\t<div class=\"swiper-slide\">\n\t\t\t\t\t\t\t<div class=\"partner-item\">\n\t\t\t\t\t\t\t\t<img loading=\"lazy\" decoding=\"async\" width=\"300\" height=\"59\" src=\"https:\/\/waybiller.com\/wp-content\/uploads\/2024\/10\/knc_logo-removebg-preview-e1659947539907.png\" class=\"attachment-full size-full\" alt=\"KNC\" \/>\t\t\t\t\t\t\t<\/div>\n\t\t\t\t\t\t<\/div>\n\t\t\t\t\t\t\t\t\t\t\t<div class=\"swiper-slide\">\n\t\t\t\t\t\t\t<div class=\"partner-item\">\n\t\t\t\t\t\t\t\t<img loading=\"lazy\" decoding=\"async\" width=\"192\" height=\"58\" src=\"https:\/\/waybiller.com\/wp-content\/uploads\/2024\/10\/logo.svg\" class=\"attachment-full size-full\" alt=\"Scandagra\" \/>\t\t\t\t\t\t\t<\/div>\n\t\t\t\t\t\t<\/div>\n\t\t\t\t\t\t\t\t\t\t\t<div class=\"swiper-slide\">\n\t\t\t\t\t\t\t<div class=\"partner-item\">\n\t\t\t\t\t\t\t\t<img loading=\"lazy\" decoding=\"async\" width=\"2064\" height=\"461\" src=\"https:\/\/waybiller.com\/wp-content\/uploads\/2024\/10\/Naeroysund-Kraftbetong-AS-logo-uai-2064x461-1.png\" class=\"attachment-full size-full\" alt=\"Naeroysund Kraftbetong\" srcset=\"https:\/\/waybiller.com\/wp-content\/uploads\/2024\/10\/Naeroysund-Kraftbetong-AS-logo-uai-2064x461-1.png 2064w, https:\/\/waybiller.com\/wp-content\/uploads\/2024\/10\/Naeroysund-Kraftbetong-AS-logo-uai-2064x461-1-300x67.png 300w, https:\/\/waybiller.com\/wp-content\/uploads\/2024\/10\/Naeroysund-Kraftbetong-AS-logo-uai-2064x461-1-1024x229.png 1024w, https:\/\/waybiller.com\/wp-content\/uploads\/2024\/10\/Naeroysund-Kraftbetong-AS-logo-uai-2064x461-1-768x172.png 768w, https:\/\/waybiller.com\/wp-content\/uploads\/2024\/10\/Naeroysund-Kraftbetong-AS-logo-uai-2064x461-1-1536x343.png 1536w, https:\/\/waybiller.com\/wp-content\/uploads\/2024\/10\/Naeroysund-Kraftbetong-AS-logo-uai-2064x461-1-2048x457.png 2048w\" sizes=\"auto, (max-width: 2064px) 100vw, 2064px\" \/>\t\t\t\t\t\t\t<\/div>\n\t\t\t\t\t\t<\/div>\n\t\t\t\t\t\t\t\t\t\t\t<div class=\"swiper-slide\">\n\t\t\t\t\t\t\t<div class=\"partner-item\">\n\t\t\t\t\t\t\t\t<img loading=\"lazy\" decoding=\"async\" width=\"250\" height=\"250\" src=\"https:\/\/waybiller.com\/wp-content\/uploads\/2024\/10\/PKOliver-removebg-preview-e1659947635283.png\" class=\"attachment-full size-full\" alt=\"PK Oliver\" srcset=\"https:\/\/waybiller.com\/wp-content\/uploads\/2024\/10\/PKOliver-removebg-preview-e1659947635283.png 250w, https:\/\/waybiller.com\/wp-content\/uploads\/2024\/10\/PKOliver-removebg-preview-e1659947635283-150x150.png 150w\" sizes=\"auto, (max-width: 250px) 100vw, 250px\" \/>\t\t\t\t\t\t\t<\/div>\n\t\t\t\t\t\t<\/div>\n\t\t\t\t\t\t\t\t\t\t\t<div class=\"swiper-slide\">\n\t\t\t\t\t\t\t<div class=\"partner-item\">\n\t\t\t\t\t\t\t\t<img loading=\"lazy\" decoding=\"async\" width=\"250\" height=\"199\" src=\"https:\/\/waybiller.com\/wp-content\/uploads\/2024\/10\/rudus-removebg-preview-e1659947656123.png\" class=\"attachment-full size-full\" alt=\"Rudus\" \/>\t\t\t\t\t\t\t<\/div>\n\t\t\t\t\t\t<\/div>\n\t\t\t\t\t\t\t\t\t\t\t<div class=\"swiper-slide\">\n\t\t\t\t\t\t\t<div class=\"partner-item\">\n\t\t\t\t\t\t\t\t<img loading=\"lazy\" decoding=\"async\" width=\"920\" height=\"161\" src=\"https:\/\/waybiller.com\/wp-content\/uploads\/2024\/10\/tariston_logo.png\" class=\"attachment-full size-full\" alt=\"Tariston\" srcset=\"https:\/\/waybiller.com\/wp-content\/uploads\/2024\/10\/tariston_logo.png 920w, https:\/\/waybiller.com\/wp-content\/uploads\/2024\/10\/tariston_logo-300x53.png 300w, https:\/\/waybiller.com\/wp-content\/uploads\/2024\/10\/tariston_logo-768x134.png 768w\" sizes=\"auto, (max-width: 920px) 100vw, 920px\" \/>\t\t\t\t\t\t\t<\/div>\n\t\t\t\t\t\t<\/div>\n\t\t\t\t\t\t\t\t\t\t\t<div class=\"swiper-slide\">\n\t\t\t\t\t\t\t<div class=\"partner-item\">\n\t\t\t\t\t\t\t\t<img loading=\"lazy\" decoding=\"async\" width=\"464\" height=\"109\" src=\"https:\/\/waybiller.com\/wp-content\/uploads\/2024\/10\/trev2-Edited.png\" class=\"attachment-full size-full\" alt=\"Trev2\" srcset=\"https:\/\/waybiller.com\/wp-content\/uploads\/2024\/10\/trev2-Edited.png 464w, https:\/\/waybiller.com\/wp-content\/uploads\/2024\/10\/trev2-Edited-300x70.png 300w\" sizes=\"auto, (max-width: 464px) 100vw, 464px\" \/>\t\t\t\t\t\t\t<\/div>\n\t\t\t\t\t\t<\/div>\n\t\t\t\t\t\t\t\t\t\t\t<div class=\"swiper-slide\">\n\t\t\t\t\t\t\t<div class=\"partner-item\">\n\t\t\t\t\t\t\t\t<img loading=\"lazy\" decoding=\"async\" width=\"300\" height=\"108\" src=\"https:\/\/waybiller.com\/wp-content\/uploads\/2024\/10\/baltic_agro-removebg-preview-e1659947475113-1.png\" class=\"attachment-full size-full\" alt=\"Baltic Agro\" \/>\t\t\t\t\t\t\t<\/div>\n\t\t\t\t\t\t<\/div>\n\t\t\t\t\t\t\t\t\t\t\t<div class=\"swiper-slide\">\n\t\t\t\t\t\t\t<div class=\"partner-item\">\n\t\t\t\t\t\t\t\t<img loading=\"lazy\" decoding=\"async\" width=\"115\" height=\"42\" src=\"https:\/\/waybiller.com\/wp-content\/uploads\/2024\/10\/eesti-killustik-4.png\" class=\"attachment-full size-full\" alt=\"Eesti Killustik\" \/>\t\t\t\t\t\t\t<\/div>\n\t\t\t\t\t\t<\/div>\n\t\t\t\t\t\t\t\t\t\t\t\t<\/div>\n\t\t<\/div>\n\t<\/div>\n<\/section>\n\n<section class=\"section cta\">\n\t<div class=\"container\">\n\t\t<div class=\"flex\">\n\t\t\t\t\t\t\t<div class=\"title\">Pobierz aplikacj\u0119 Waybiller ju\u017c dzi\u015b!<\/div>\n\t\t\t\t\t\t<div class=\"links\">\n\t\t\t\t\t\t\t\t\t<a href=\"https:\/\/apps.apple.com\/ee\/app\/waybiller\/id1459796969\" target=\"_self\" rel=\"noopener\"><img decoding=\"async\" src=\"https:\/\/waybiller.com\/wp-content\/themes\/waybiller\/assets\/img\/dist\/appstore.svg\" alt=\"\"><\/a>\n\t\t\t\t\t\t\t\t\t\t\t\t\t<a href=\"https:\/\/play.google.com\/store\/apps\/details?id=com.waybillerapp&#038;hl=et&#038;gl=US&#038;pli=1\" target=\"_self\" rel=\"noopener\"><img decoding=\"async\" src=\"https:\/\/waybiller.com\/wp-content\/themes\/waybiller\/assets\/img\/dist\/playmarket.svg\" alt=\"\"><\/a>\n\t\t\t\t\t\t\t<\/div>\n\t\t<\/div>\n\t<\/div>\n<\/section>","protected":false},"excerpt":{"rendered":"","protected":false},"author":1,"featured_media":0,"parent":0,"menu_order":0,"comment_status":"closed","ping_status":"closed","template":"","meta":{"_acf_changed":false,"footnotes":""},"class_list":["post-19313","page","type-page","status-publish","hentry"],"acf":[],"_links":{"self":[{"href":"https:\/\/waybiller.com\/pl\/wp-json\/wp\/v2\/pages\/19313","targetHints":{"allow":["GET"]}}],"collection":[{"href":"https:\/\/waybiller.com\/pl\/wp-json\/wp\/v2\/pages"}],"about":[{"href":"https:\/\/waybiller.com\/pl\/wp-json\/wp\/v2\/types\/page"}],"author":[{"embeddable":true,"href":"https:\/\/waybiller.com\/pl\/wp-json\/wp\/v2\/users\/1"}],"replies":[{"embeddable":true,"href":"https:\/\/waybiller.com\/pl\/wp-json\/wp\/v2\/comments?post=19313"}],"version-history":[{"count":6,"href":"https:\/\/waybiller.com\/pl\/wp-json\/wp\/v2\/pages\/19313\/revisions"}],"predecessor-version":[{"id":25283,"href":"https:\/\/waybiller.com\/pl\/wp-json\/wp\/v2\/pages\/19313\/revisions\/25283"}],"wp:attachment":[{"href":"https:\/\/waybiller.com\/pl\/wp-json\/wp\/v2\/media?parent=19313"}],"curies":[{"name":"wp","href":"https:\/\/api.w.org\/{rel}","templated":true}]}}