{"id":22063,"date":"2024-11-04T11:03:21","date_gmt":"2024-11-04T11:03:21","guid":{"rendered":"https:\/\/waybiller.com\/blog\/"},"modified":"2025-05-21T07:29:52","modified_gmt":"2025-05-21T07:29:52","slug":"blogi","status":"publish","type":"page","link":"https:\/\/waybiller.com\/fi\/blogi\/","title":{"rendered":"Blogi"},"content":{"rendered":"<section class=\"section blog-hero\">\n\t<div class=\"container\">\n\t\t\t\t\t<h1>Blogi<\/h1>\n\t\t\t\t\t\t\t<p>Katsaus palvelemiimme toimialoihin ja tarjoamiimme ratkaisuihin.<\/p>\n\t\t\t\t<div class=\"blog-search\">\n\t\t\t<input type=\"search\" data-template=\"blog\" placeholder=\"Search\">\n\t\t<\/div>\n\t\t\n\t\t<ul  class=\"blog-category\">\n\t\t\t<li data-template=\"blog\" class=\"js-filter-item active\">All categories <\/li>\n\t\t\t\t\t\t\t<li  class=\"js-filter-item\" data-template=\"blog\" data-category=\"220\" >Toimialat <\/li>\n\t\t\t \n\t\t<\/div>\n\t<\/section>\n\n\t<section class=\"section blog-posts\">\n\t\t<div class=\"container\">\n\t\t\t<div class=\"flex js-filter\">\n\t\t\t\t\t\t\t\t\t\t\t\t\t\t\t\t\t\t\t<div class=\"col\">\n\t<a href=\"https:\/\/waybiller.com\/fi\/taysin-digitaalinen-viljankuljetus-vuonna-2022-waybillerilla\/\" class=\"blog-item\">\n\t\t<div class=\"image object-fit\">\n\t\t\t<img loading=\"lazy\" decoding=\"async\" width=\"1400\" height=\"720\" src=\"https:\/\/waybiller.com\/wp-content\/uploads\/2022\/05\/tekstiseespilt-1.png\" class=\"attachment-post-thumbnail size-post-thumbnail wp-post-image\" alt=\"\" srcset=\"https:\/\/waybiller.com\/wp-content\/uploads\/2022\/05\/tekstiseespilt-1.png 1400w, https:\/\/waybiller.com\/wp-content\/uploads\/2022\/05\/tekstiseespilt-1-300x154.png 300w, https:\/\/waybiller.com\/wp-content\/uploads\/2022\/05\/tekstiseespilt-1-1024x527.png 1024w, https:\/\/waybiller.com\/wp-content\/uploads\/2022\/05\/tekstiseespilt-1-768x395.png 768w\" sizes=\"auto, (max-width: 1400px) 100vw, 1400px\" \/>\t\t\t<img decoding=\"async\" class=\"arrow svg-image\" src=\"https:\/\/waybiller.com\/wp-content\/themes\/waybiller\/assets\/img\/dist\/post-next.svg\" alt=\"\">\n\t\t<\/div>\n\t\t<div class=\"info\">\n\t\t\t<div class=\"title\">T\u00e4ysin digitaalinen viljankuljetus vuonna 2022 Waybillerill\u00e4<\/div>\n\t\t\t<p>Hunting O\u00dc ottaa t\u00e4n\u00e4 vuonna k\u00e4ytt\u00f6\u00f6n t\u00e4ysin digitaalisen viljaterminaalin yhteisty\u00f6ss\u00e4 Waybillerin kanssa. Lis\u00e4ksi KEVILIn viljelij\u00e4osuuskunnan Roodev\u00e4ljan ja R\u00f5ngulin terminaaleissa on tapahtunut merkitt\u00e4vi\u00e4 muutoksia, joista kerroimme webinaarissa 20.4. Jahvataja O\u00dc Jahvataja O\u00dc viljelee viljaa ja palkokasveja. Yritys on asentanut automaattisen punnituslaitteen tavaroiden l\u00e4hett\u00e4mist\u00e4 ja vastaanottamista varten. Automaattisen punnituksen lis\u00e4ksi j\u00e4rjestelm\u00e4\u00e4n on liitetty my\u00f6s varastonhallintaj\u00e4rjestelm\u00e4, jonka kautta varastosaldot n\u00e4kyv\u00e4t reaaliajassa kaikille Jahvataja O\u00dc:n kumppaneille. Waybillerin avulla Jahvatajan prosessi n\u00e4ytt\u00e4\u00e4 seuraavalta: Aluksi asiakas&#8230;<\/p>\n\t\t\t<div class=\"btn read\" class=\"read\">Read more<\/div>\n\t\t<\/div>\n\t<\/a>\n<\/div>\t\t\t\t\t\t\t\t\t\t\t<div class=\"col\">\n\t<a href=\"https:\/\/waybiller.com\/fi\/pian-virossa-kaytetaan-viljan-kuljetuksessa-vain-sahkoisia-rahtikirjoja\/\" class=\"blog-item\">\n\t\t<div class=\"image object-fit\">\n\t\t\t<img loading=\"lazy\" decoding=\"async\" width=\"1400\" height=\"600\" src=\"https:\/\/waybiller.com\/wp-content\/uploads\/2021\/10\/picwithinthetext-4.jpg\" class=\"attachment-post-thumbnail size-post-thumbnail wp-post-image\" alt=\"\" srcset=\"https:\/\/waybiller.com\/wp-content\/uploads\/2021\/10\/picwithinthetext-4.jpg 1400w, https:\/\/waybiller.com\/wp-content\/uploads\/2021\/10\/picwithinthetext-4-300x129.jpg 300w, https:\/\/waybiller.com\/wp-content\/uploads\/2021\/10\/picwithinthetext-4-1024x439.jpg 1024w, https:\/\/waybiller.com\/wp-content\/uploads\/2021\/10\/picwithinthetext-4-768x329.jpg 768w\" sizes=\"auto, (max-width: 1400px) 100vw, 1400px\" \/>\t\t\t<img decoding=\"async\" class=\"arrow svg-image\" src=\"https:\/\/waybiller.com\/wp-content\/themes\/waybiller\/assets\/img\/dist\/post-next.svg\" alt=\"\">\n\t\t<\/div>\n\t\t<div class=\"info\">\n\t\t\t<div class=\"title\">Pian Virossa k\u00e4ytet\u00e4\u00e4n viljan kuljetuksessa vain s\u00e4hk\u00f6isi\u00e4 rahtikirjoja<\/div>\n\t\t\t<p>Maanviljelij\u00f6iden osuuskunta KEVILI on jo useiden vuosien ajan etsinyt keinoja tehostaa viljan kuljetusta ja tehd\u00e4 siit\u00e4 j\u00e4ljitett\u00e4v\u00e4mp\u00e4\u00e4 ja paperittomampaa. Vuoden 2018 lopussa otettiin k\u00e4ytt\u00f6\u00f6n s\u00e4hk\u00f6inen Waybiller-rahtikirja ja sen j\u00e4lkeen paperisten rahtikirjojen osuus on jatkuvasti v\u00e4hentynyt. Waybiller on nyt yhteydess\u00e4 KEVILI:n viljaterminaaleihin R\u00f5ngissa ja Roodev\u00e4ljassa sek\u00e4 kaikkiin KEVILI:n suurempiin varastoihin eri satamissa. Kun satokautena 2019 noin 20\u201330 prosenttia toimituksista tehtiin s\u00e4hk\u00f6isill\u00e4 rahtikirjoilla, satokausina 2020 ja 2021 vastaava prosentti oli jo l\u00e4hell\u00e4&#8230;<\/p>\n\t\t\t<div class=\"btn read\" class=\"read\">Read more<\/div>\n\t\t<\/div>\n\t<\/a>\n<\/div>\t\t\t\t\t\t\t\t\t\t\t\t\t\t\t\t<\/div>\n\t\t<\/div>\n\t<\/section>\n\n<section class=\"section more-link  \">\n\t<div class=\"container\">\n\t\t<h3>Lis\u00e4tietoja<\/h3>\n\t\t\t\t\t<ul>\n\t\t\t\t\n\t\t\t\t\t<li>\n\t\t\t\t\t\t\t\t\t\t\t\t\t<a href=\"https:\/\/waybiller.com\/fi\/yhteystiedot\/\" target=\"_self\">Ota yhteytt\u00e4<\/a>\n\t\t\t\t\t\t\t\t\t\t\t<\/li>\n\t\t\t\t\n\t\t\t\t\t<li>\n\t\t\t\t\t\t\t\t\t\t\t\t\t<a href=\"https:\/\/waybiller.com\/fi\/tapaustutkimukset\/\" target=\"_self\">Tapaustutkimukset<\/a>\n\t\t\t\t\t\t\t\t\t\t\t<\/li>\n\t\t\t\t\t\t\t<\/ul>\n\t\t\t<\/div>\n<\/section>\n\n<section class=\"section partners\">\n\t<div class=\"container\">\n\t\t\t\t\t<div class=\"title\">\tLuotettujen kumppaniemme ansiosta olet hyviss\u00e4 k\u00e4siss\u00e4.<\/div>\n\t\t\t\t<div class=\"swiper partners-swiper\">\n\t\t\t<div class=\"swiper-wrapper\">\n\t\t\t\t\t\t\t\t\t\t\t\t\t\t\t<div class=\"swiper-slide\">\n\t\t\t\t\t\t\t<div class=\"partner-item\">\n\t\t\t\t\t\t\t\t<img loading=\"lazy\" decoding=\"async\" width=\"300\" height=\"90\" src=\"https:\/\/waybiller.com\/wp-content\/uploads\/2024\/10\/ragnsells-removebg-preview-e1659947607418.png\" class=\"attachment-full size-full\" alt=\"Ragn Sells\" \/>\t\t\t\t\t\t\t<\/div>\n\t\t\t\t\t\t<\/div>\n\t\t\t\t\t\t\t\t\t\t\t<div class=\"swiper-slide\">\n\t\t\t\t\t\t\t<div class=\"partner-item\">\n\t\t\t\t\t\t\t\t<img loading=\"lazy\" decoding=\"async\" width=\"154\" height=\"41\" src=\"https:\/\/waybiller.com\/wp-content\/uploads\/2024\/10\/kevili-4.png\" class=\"attachment-full size-full\" alt=\"Kevili\" srcset=\"https:\/\/waybiller.com\/wp-content\/uploads\/2024\/10\/kevili-4.png 154w, https:\/\/waybiller.com\/wp-content\/uploads\/2024\/10\/kevili-4-150x41.png 150w\" sizes=\"auto, (max-width: 154px) 100vw, 154px\" \/>\t\t\t\t\t\t\t<\/div>\n\t\t\t\t\t\t<\/div>\n\t\t\t\t\t\t\t\t\t\t\t<div class=\"swiper-slide\">\n\t\t\t\t\t\t\t<div class=\"partner-item\">\n\t\t\t\t\t\t\t\t<img loading=\"lazy\" decoding=\"async\" width=\"300\" height=\"59\" src=\"https:\/\/waybiller.com\/wp-content\/uploads\/2024\/10\/knc_logo-removebg-preview-e1659947539907.png\" class=\"attachment-full size-full\" alt=\"KNC\" \/>\t\t\t\t\t\t\t<\/div>\n\t\t\t\t\t\t<\/div>\n\t\t\t\t\t\t\t\t\t\t\t<div class=\"swiper-slide\">\n\t\t\t\t\t\t\t<div class=\"partner-item\">\n\t\t\t\t\t\t\t\t<img loading=\"lazy\" decoding=\"async\" width=\"192\" height=\"58\" src=\"https:\/\/waybiller.com\/wp-content\/uploads\/2024\/10\/logo.svg\" class=\"attachment-full size-full\" alt=\"Scandagra\" \/>\t\t\t\t\t\t\t<\/div>\n\t\t\t\t\t\t<\/div>\n\t\t\t\t\t\t\t\t\t\t\t<div class=\"swiper-slide\">\n\t\t\t\t\t\t\t<div class=\"partner-item\">\n\t\t\t\t\t\t\t\t<img loading=\"lazy\" decoding=\"async\" width=\"2064\" height=\"461\" src=\"https:\/\/waybiller.com\/wp-content\/uploads\/2024\/10\/Naeroysund-Kraftbetong-AS-logo-uai-2064x461-1.png\" class=\"attachment-full size-full\" alt=\"Naeroysund Kraftbetong\" srcset=\"https:\/\/waybiller.com\/wp-content\/uploads\/2024\/10\/Naeroysund-Kraftbetong-AS-logo-uai-2064x461-1.png 2064w, https:\/\/waybiller.com\/wp-content\/uploads\/2024\/10\/Naeroysund-Kraftbetong-AS-logo-uai-2064x461-1-300x67.png 300w, https:\/\/waybiller.com\/wp-content\/uploads\/2024\/10\/Naeroysund-Kraftbetong-AS-logo-uai-2064x461-1-1024x229.png 1024w, https:\/\/waybiller.com\/wp-content\/uploads\/2024\/10\/Naeroysund-Kraftbetong-AS-logo-uai-2064x461-1-768x172.png 768w, https:\/\/waybiller.com\/wp-content\/uploads\/2024\/10\/Naeroysund-Kraftbetong-AS-logo-uai-2064x461-1-1536x343.png 1536w, https:\/\/waybiller.com\/wp-content\/uploads\/2024\/10\/Naeroysund-Kraftbetong-AS-logo-uai-2064x461-1-2048x457.png 2048w\" sizes=\"auto, (max-width: 2064px) 100vw, 2064px\" \/>\t\t\t\t\t\t\t<\/div>\n\t\t\t\t\t\t<\/div>\n\t\t\t\t\t\t\t\t\t\t\t<div class=\"swiper-slide\">\n\t\t\t\t\t\t\t<div class=\"partner-item\">\n\t\t\t\t\t\t\t\t<img loading=\"lazy\" decoding=\"async\" width=\"250\" height=\"250\" src=\"https:\/\/waybiller.com\/wp-content\/uploads\/2024\/10\/PKOliver-removebg-preview-e1659947635283.png\" class=\"attachment-full size-full\" alt=\"PK Oliver\" srcset=\"https:\/\/waybiller.com\/wp-content\/uploads\/2024\/10\/PKOliver-removebg-preview-e1659947635283.png 250w, https:\/\/waybiller.com\/wp-content\/uploads\/2024\/10\/PKOliver-removebg-preview-e1659947635283-150x150.png 150w\" sizes=\"auto, (max-width: 250px) 100vw, 250px\" \/>\t\t\t\t\t\t\t<\/div>\n\t\t\t\t\t\t<\/div>\n\t\t\t\t\t\t\t\t\t\t\t<div class=\"swiper-slide\">\n\t\t\t\t\t\t\t<div class=\"partner-item\">\n\t\t\t\t\t\t\t\t<img loading=\"lazy\" decoding=\"async\" width=\"250\" height=\"199\" src=\"https:\/\/waybiller.com\/wp-content\/uploads\/2024\/10\/rudus-removebg-preview-e1659947656123.png\" class=\"attachment-full size-full\" alt=\"Rudus\" \/>\t\t\t\t\t\t\t<\/div>\n\t\t\t\t\t\t<\/div>\n\t\t\t\t\t\t\t\t\t\t\t<div class=\"swiper-slide\">\n\t\t\t\t\t\t\t<div class=\"partner-item\">\n\t\t\t\t\t\t\t\t<img loading=\"lazy\" decoding=\"async\" width=\"920\" height=\"161\" src=\"https:\/\/waybiller.com\/wp-content\/uploads\/2024\/10\/tariston_logo.png\" class=\"attachment-full size-full\" alt=\"Tariston\" srcset=\"https:\/\/waybiller.com\/wp-content\/uploads\/2024\/10\/tariston_logo.png 920w, https:\/\/waybiller.com\/wp-content\/uploads\/2024\/10\/tariston_logo-300x53.png 300w, https:\/\/waybiller.com\/wp-content\/uploads\/2024\/10\/tariston_logo-768x134.png 768w\" sizes=\"auto, (max-width: 920px) 100vw, 920px\" \/>\t\t\t\t\t\t\t<\/div>\n\t\t\t\t\t\t<\/div>\n\t\t\t\t\t\t\t\t\t\t\t<div class=\"swiper-slide\">\n\t\t\t\t\t\t\t<div class=\"partner-item\">\n\t\t\t\t\t\t\t\t<img loading=\"lazy\" decoding=\"async\" width=\"464\" height=\"109\" src=\"https:\/\/waybiller.com\/wp-content\/uploads\/2024\/10\/trev2-Edited.png\" class=\"attachment-full size-full\" alt=\"Trev2\" srcset=\"https:\/\/waybiller.com\/wp-content\/uploads\/2024\/10\/trev2-Edited.png 464w, https:\/\/waybiller.com\/wp-content\/uploads\/2024\/10\/trev2-Edited-300x70.png 300w\" sizes=\"auto, (max-width: 464px) 100vw, 464px\" \/>\t\t\t\t\t\t\t<\/div>\n\t\t\t\t\t\t<\/div>\n\t\t\t\t\t\t\t\t\t\t\t<div class=\"swiper-slide\">\n\t\t\t\t\t\t\t<div class=\"partner-item\">\n\t\t\t\t\t\t\t\t<img loading=\"lazy\" decoding=\"async\" width=\"300\" height=\"108\" src=\"https:\/\/waybiller.com\/wp-content\/uploads\/2024\/10\/baltic_agro-removebg-preview-e1659947475113-1.png\" class=\"attachment-full size-full\" alt=\"Baltic Agro\" \/>\t\t\t\t\t\t\t<\/div>\n\t\t\t\t\t\t<\/div>\n\t\t\t\t\t\t\t\t\t\t\t<div class=\"swiper-slide\">\n\t\t\t\t\t\t\t<div class=\"partner-item\">\n\t\t\t\t\t\t\t\t<img loading=\"lazy\" decoding=\"async\" width=\"115\" height=\"42\" src=\"https:\/\/waybiller.com\/wp-content\/uploads\/2024\/10\/eesti-killustik-4.png\" class=\"attachment-full size-full\" alt=\"Eesti Killustik\" \/>\t\t\t\t\t\t\t<\/div>\n\t\t\t\t\t\t<\/div>\n\t\t\t\t\t\t\t\t\t\t\t\t\t\t\t\t\t\t\t\t\t\t\t\t<div class=\"swiper-slide\">\n\t\t\t\t\t\t\t<div class=\"partner-item\">\n\t\t\t\t\t\t\t\t<img loading=\"lazy\" decoding=\"async\" width=\"300\" height=\"90\" src=\"https:\/\/waybiller.com\/wp-content\/uploads\/2024\/10\/ragnsells-removebg-preview-e1659947607418.png\" class=\"attachment-full size-full\" alt=\"Ragn Sells\" \/>\t\t\t\t\t\t\t<\/div>\n\t\t\t\t\t\t<\/div>\n\t\t\t\t\t\t\t\t\t\t\t<div class=\"swiper-slide\">\n\t\t\t\t\t\t\t<div class=\"partner-item\">\n\t\t\t\t\t\t\t\t<img loading=\"lazy\" decoding=\"async\" width=\"154\" height=\"41\" src=\"https:\/\/waybiller.com\/wp-content\/uploads\/2024\/10\/kevili-4.png\" class=\"attachment-full size-full\" alt=\"Kevili\" srcset=\"https:\/\/waybiller.com\/wp-content\/uploads\/2024\/10\/kevili-4.png 154w, https:\/\/waybiller.com\/wp-content\/uploads\/2024\/10\/kevili-4-150x41.png 150w\" sizes=\"auto, (max-width: 154px) 100vw, 154px\" \/>\t\t\t\t\t\t\t<\/div>\n\t\t\t\t\t\t<\/div>\n\t\t\t\t\t\t\t\t\t\t\t<div class=\"swiper-slide\">\n\t\t\t\t\t\t\t<div class=\"partner-item\">\n\t\t\t\t\t\t\t\t<img loading=\"lazy\" decoding=\"async\" width=\"300\" height=\"59\" src=\"https:\/\/waybiller.com\/wp-content\/uploads\/2024\/10\/knc_logo-removebg-preview-e1659947539907.png\" class=\"attachment-full size-full\" alt=\"KNC\" \/>\t\t\t\t\t\t\t<\/div>\n\t\t\t\t\t\t<\/div>\n\t\t\t\t\t\t\t\t\t\t\t<div class=\"swiper-slide\">\n\t\t\t\t\t\t\t<div class=\"partner-item\">\n\t\t\t\t\t\t\t\t<img loading=\"lazy\" decoding=\"async\" width=\"192\" height=\"58\" src=\"https:\/\/waybiller.com\/wp-content\/uploads\/2024\/10\/logo.svg\" class=\"attachment-full size-full\" alt=\"Scandagra\" \/>\t\t\t\t\t\t\t<\/div>\n\t\t\t\t\t\t<\/div>\n\t\t\t\t\t\t\t\t\t\t\t<div class=\"swiper-slide\">\n\t\t\t\t\t\t\t<div class=\"partner-item\">\n\t\t\t\t\t\t\t\t<img loading=\"lazy\" decoding=\"async\" width=\"2064\" height=\"461\" src=\"https:\/\/waybiller.com\/wp-content\/uploads\/2024\/10\/Naeroysund-Kraftbetong-AS-logo-uai-2064x461-1.png\" class=\"attachment-full size-full\" alt=\"Naeroysund Kraftbetong\" srcset=\"https:\/\/waybiller.com\/wp-content\/uploads\/2024\/10\/Naeroysund-Kraftbetong-AS-logo-uai-2064x461-1.png 2064w, https:\/\/waybiller.com\/wp-content\/uploads\/2024\/10\/Naeroysund-Kraftbetong-AS-logo-uai-2064x461-1-300x67.png 300w, https:\/\/waybiller.com\/wp-content\/uploads\/2024\/10\/Naeroysund-Kraftbetong-AS-logo-uai-2064x461-1-1024x229.png 1024w, https:\/\/waybiller.com\/wp-content\/uploads\/2024\/10\/Naeroysund-Kraftbetong-AS-logo-uai-2064x461-1-768x172.png 768w, https:\/\/waybiller.com\/wp-content\/uploads\/2024\/10\/Naeroysund-Kraftbetong-AS-logo-uai-2064x461-1-1536x343.png 1536w, https:\/\/waybiller.com\/wp-content\/uploads\/2024\/10\/Naeroysund-Kraftbetong-AS-logo-uai-2064x461-1-2048x457.png 2048w\" sizes=\"auto, (max-width: 2064px) 100vw, 2064px\" \/>\t\t\t\t\t\t\t<\/div>\n\t\t\t\t\t\t<\/div>\n\t\t\t\t\t\t\t\t\t\t\t<div class=\"swiper-slide\">\n\t\t\t\t\t\t\t<div class=\"partner-item\">\n\t\t\t\t\t\t\t\t<img loading=\"lazy\" decoding=\"async\" width=\"250\" height=\"250\" src=\"https:\/\/waybiller.com\/wp-content\/uploads\/2024\/10\/PKOliver-removebg-preview-e1659947635283.png\" class=\"attachment-full size-full\" alt=\"PK Oliver\" srcset=\"https:\/\/waybiller.com\/wp-content\/uploads\/2024\/10\/PKOliver-removebg-preview-e1659947635283.png 250w, https:\/\/waybiller.com\/wp-content\/uploads\/2024\/10\/PKOliver-removebg-preview-e1659947635283-150x150.png 150w\" sizes=\"auto, (max-width: 250px) 100vw, 250px\" \/>\t\t\t\t\t\t\t<\/div>\n\t\t\t\t\t\t<\/div>\n\t\t\t\t\t\t\t\t\t\t\t<div class=\"swiper-slide\">\n\t\t\t\t\t\t\t<div class=\"partner-item\">\n\t\t\t\t\t\t\t\t<img loading=\"lazy\" decoding=\"async\" width=\"250\" height=\"199\" src=\"https:\/\/waybiller.com\/wp-content\/uploads\/2024\/10\/rudus-removebg-preview-e1659947656123.png\" class=\"attachment-full size-full\" alt=\"Rudus\" \/>\t\t\t\t\t\t\t<\/div>\n\t\t\t\t\t\t<\/div>\n\t\t\t\t\t\t\t\t\t\t\t<div class=\"swiper-slide\">\n\t\t\t\t\t\t\t<div class=\"partner-item\">\n\t\t\t\t\t\t\t\t<img loading=\"lazy\" decoding=\"async\" width=\"920\" height=\"161\" src=\"https:\/\/waybiller.com\/wp-content\/uploads\/2024\/10\/tariston_logo.png\" class=\"attachment-full size-full\" alt=\"Tariston\" srcset=\"https:\/\/waybiller.com\/wp-content\/uploads\/2024\/10\/tariston_logo.png 920w, https:\/\/waybiller.com\/wp-content\/uploads\/2024\/10\/tariston_logo-300x53.png 300w, https:\/\/waybiller.com\/wp-content\/uploads\/2024\/10\/tariston_logo-768x134.png 768w\" sizes=\"auto, (max-width: 920px) 100vw, 920px\" \/>\t\t\t\t\t\t\t<\/div>\n\t\t\t\t\t\t<\/div>\n\t\t\t\t\t\t\t\t\t\t\t<div class=\"swiper-slide\">\n\t\t\t\t\t\t\t<div class=\"partner-item\">\n\t\t\t\t\t\t\t\t<img loading=\"lazy\" decoding=\"async\" width=\"464\" height=\"109\" src=\"https:\/\/waybiller.com\/wp-content\/uploads\/2024\/10\/trev2-Edited.png\" class=\"attachment-full size-full\" alt=\"Trev2\" srcset=\"https:\/\/waybiller.com\/wp-content\/uploads\/2024\/10\/trev2-Edited.png 464w, https:\/\/waybiller.com\/wp-content\/uploads\/2024\/10\/trev2-Edited-300x70.png 300w\" sizes=\"auto, (max-width: 464px) 100vw, 464px\" \/>\t\t\t\t\t\t\t<\/div>\n\t\t\t\t\t\t<\/div>\n\t\t\t\t\t\t\t\t\t\t\t<div class=\"swiper-slide\">\n\t\t\t\t\t\t\t<div class=\"partner-item\">\n\t\t\t\t\t\t\t\t<img loading=\"lazy\" decoding=\"async\" width=\"300\" height=\"108\" src=\"https:\/\/waybiller.com\/wp-content\/uploads\/2024\/10\/baltic_agro-removebg-preview-e1659947475113-1.png\" class=\"attachment-full size-full\" alt=\"Baltic Agro\" \/>\t\t\t\t\t\t\t<\/div>\n\t\t\t\t\t\t<\/div>\n\t\t\t\t\t\t\t\t\t\t\t<div class=\"swiper-slide\">\n\t\t\t\t\t\t\t<div class=\"partner-item\">\n\t\t\t\t\t\t\t\t<img loading=\"lazy\" decoding=\"async\" width=\"115\" height=\"42\" src=\"https:\/\/waybiller.com\/wp-content\/uploads\/2024\/10\/eesti-killustik-4.png\" class=\"attachment-full size-full\" alt=\"Eesti Killustik\" \/>\t\t\t\t\t\t\t<\/div>\n\t\t\t\t\t\t<\/div>\n\t\t\t\t\t\t\t\t\t\t\t\t<\/div>\n\t\t<\/div>\n\t<\/div>\n<\/section>\n\n<section class=\"section cta\">\n\t<div class=\"container\">\n\t\t<div class=\"flex\">\n\t\t\t\t\t\t\t<div class=\"title\">Hanki Waybiller-sovellus t\u00e4n\u00e4\u00e4n.<\/div>\n\t\t\t\t\t\t<div class=\"links\">\n\t\t\t\t\t\t\t\t\t<a href=\"https:\/\/apps.apple.com\/ee\/app\/waybiller\/id1459796969\" target=\"_self\" rel=\"noopener\"><img decoding=\"async\" src=\"https:\/\/waybiller.com\/wp-content\/themes\/waybiller\/assets\/img\/dist\/appstore.svg\" alt=\"\"><\/a>\n\t\t\t\t\t\t\t\t\t\t\t\t\t<a href=\"https:\/\/play.google.com\/store\/apps\/details?id=com.waybillerapp&#038;hl=et&#038;gl=US&#038;pli=1\" target=\"_self\" rel=\"noopener\"><img decoding=\"async\" src=\"https:\/\/waybiller.com\/wp-content\/themes\/waybiller\/assets\/img\/dist\/playmarket.svg\" alt=\"\"><\/a>\n\t\t\t\t\t\t\t<\/div>\n\t\t<\/div>\n\t<\/div>\n<\/section>","protected":false},"excerpt":{"rendered":"","protected":false},"author":1,"featured_media":0,"parent":0,"menu_order":0,"comment_status":"closed","ping_status":"closed","template":"","meta":{"_acf_changed":false,"footnotes":""},"class_list":["post-22063","page","type-page","status-publish","hentry"],"acf":[],"_links":{"self":[{"href":"https:\/\/waybiller.com\/fi\/wp-json\/wp\/v2\/pages\/22063","targetHints":{"allow":["GET"]}}],"collection":[{"href":"https:\/\/waybiller.com\/fi\/wp-json\/wp\/v2\/pages"}],"about":[{"href":"https:\/\/waybiller.com\/fi\/wp-json\/wp\/v2\/types\/page"}],"author":[{"embeddable":true,"href":"https:\/\/waybiller.com\/fi\/wp-json\/wp\/v2\/users\/1"}],"replies":[{"embeddable":true,"href":"https:\/\/waybiller.com\/fi\/wp-json\/wp\/v2\/comments?post=22063"}],"version-history":[{"count":3,"href":"https:\/\/waybiller.com\/fi\/wp-json\/wp\/v2\/pages\/22063\/revisions"}],"predecessor-version":[{"id":24743,"href":"https:\/\/waybiller.com\/fi\/wp-json\/wp\/v2\/pages\/22063\/revisions\/24743"}],"wp:attachment":[{"href":"https:\/\/waybiller.com\/fi\/wp-json\/wp\/v2\/media?parent=22063"}],"curies":[{"name":"wp","href":"https:\/\/api.w.org\/{rel}","templated":true}]}}