{"id":21982,"date":"2023-10-24T11:59:25","date_gmt":"2023-10-24T11:59:25","guid":{"rendered":"https:\/\/waybiller.com\/privacy-policy\/"},"modified":"2025-10-09T08:52:41","modified_gmt":"2025-10-09T08:52:41","slug":"privaatsuspoliitika","status":"publish","type":"page","link":"https:\/\/waybiller.com\/et\/privaatsuspoliitika\/","title":{"rendered":"Privaatsuspoliitika"},"content":{"rendered":"<section class=\"section blog-hero\">\n\t<div class=\"container\">\n\t\t\t\t\t<h1>Privaatsuspoliitika<\/h1>\n\t\t\t\t\t<\/div>\n<\/section>\n\n<section class=\"section content-text\">\n\t<div class=\"container\">\n\t\t\t\t\t<p><!-- wp:heading {\"level\":5} --><\/p>\n<h5 class=\"wp-block-heading\"><strong>1. \u00dcLDINE<\/strong><\/h5>\n<p>Waybiller O\u00dc jaoks on oluline teie privaatsus ning j\u00e4rgida k\u00f5iki kehtivaid seadusi ja m\u00e4\u00e4rusi mis tahes isikuandmete kohta, mida v\u00f5ime teie kohta koguda. K\u00e4esolevas privaatsuspoliitikas selgitame, milliseid andmeid kogume, kuidas neid kasutame ja millised on teie \u00f5igused oma andmete kaitsmiseks. J\u00e4rgime privaatsuspoliitikas kirjeldatut, et tagada teie privaatsuse austamine meie teenuste kasutamisel.<\/p>\n<p>Meie veebilehte ja teenust kasutades annate n\u00f5usoleku oma andmete t\u00f6\u00f6tlemiseks koosk\u00f5las k\u00e4esoleva privaatsuspoliitikaga. Isikuandmed on igasugune teave, mis v\u00f5imaldab otse v\u00f5i kaude inimest tuvastada. Isikuandmete t\u00f6\u00f6tlemine on igasugune isikuandmetega tehtav tegevus \u2013 andmete kogumine, kasutamine, salvestamine, s\u00e4ilitamine, muutmine v\u00f5i kustutamine.<\/p>\n<p>K\u00e4esolevas privaatsuspoliitikas viitab s\u00f5na \u201cmeie\u201d Waybiller O\u00dc-le ja s\u00f5nad \u201ckasutaja\u201d v\u00f5i \u201cteie\u201d Waybiller O\u00dc teenuse kasutajatele, klientidele ja potentsiaalsetele klientidele. S\u00f5na \u201cteenus\u201d viitab nii Waybiller O\u00dc veebilehele kui ka rakendusele ja teistele Waybiller O\u00dc poolt kasutajatele osutatavatele teenustele.<\/p>\n<p>Teie andmete t\u00f6\u00f6tleja on Waybiller O\u00dc.<\/p>\n<ul>\n<li>Ettev\u00f5tte registrinumber: 14200010<\/li>\n<li>Aadress: M\u00e4ealuse 2\/1, Tallinn, Eesti<\/li>\n<li>E-post: waybiller@waybiller.com<\/li>\n<\/ul>\n<p>Kogume ja t\u00f6\u00f6tleme teavet koosk\u00f5las Euroopa Liidu \u00fcldise andmekaitse m\u00e4\u00e4rusega (GDPR).<\/p>\n<p><!-- wp:heading {\"level\":5} --><\/p>\n<h5 class=\"wp-block-heading\"><strong>2. ANDMETE KOGUMINE JA KASUTAMINE<\/strong><\/h5>\n<p><!-- wp:heading {\"level\":5} --><\/p>\n<h5 class=\"wp-block-heading\">2.1 Milliseid andmeid me kogume<\/h5>\n<p>Kogutav teave h\u00f5lmab nii teavet, mida te meile teadlikult ja aktiivselt edastate meie teenuste kasutamisel, kui ka kogu teavet, mille teie seadmed saadavad meie toodetele ja teenustele juurde p\u00e4\u00e4semisel.<\/p>\n<p>V\u00f5ime koguda j\u00e4rgmisi andmeid:<\/p>\n<ul>\n<li>Veebilehe k\u00fclastajate info ja statistilised andmed: nt kasutatava seadme t\u00fc\u00fcp, IP-aadress, brauseri t\u00fc\u00fcp, veebilehe k\u00fclastamise aeg, sisenemis- ja v\u00e4ljumisleht ning veebilehel tehtavate klikkide arv<\/li>\n<li>Kasutaja eelistused: nt e-posti aadressi ja parooli salvestamine<\/li>\n<li>Kontaktandmed: nt nimi, telefoninumber, e-posti aadress, ettev\u00f5tte nimi ja ametinimetus<\/li>\n<li>Suhtlus- ja kirjavahetuse andmed: nt klienditeeninduslikul kontaktil kontaktandmed, kontakteerumise sisu ja ajalugu, klienditeeninduslikud k\u00f5ned salvestatakse<\/li>\n<li>Registreeritud kasutaja (kasutaja, kes omab kasutajakontot <a href=\"https:\/\/www.app.waybiller.com\/\">app.waybiller.com<\/a>) poolt jagatud ja salvestatud andmed: nt kontaktandmed, isikukood, asukohateave ja muud andmed, mis on vajalikud teenuse osutamiseks (t\u00e4psustatud Kasutustingimustes, millega kasutaja n\u00f5ustub kui talle konto registreeritakse).<\/li>\n<li>Muu vabatahtlikult esitatud teave: nt k\u00fcsitlustele vastamine<\/li>\n<\/ul>\n<p><!-- \/wp:list-item --><\/p>\n<p><!-- wp:heading {\"level\":5} --><\/p>\n<h5 class=\"wp-block-heading\">2.2 Kuidas me andmeid kogume<\/h5>\n<p>Kasutame andmete kogumiseks ja s\u00e4ilitamiseks mitmeid viise, sealhulgas k\u00fcpsiseid, veebilehe andmete salvestamist ning veebi- ja rakenduste telemeetriat.<\/p>\n<p>Teie andmed v\u00f5ivad meieni j\u00f5uda j\u00e4rgmistel viisidel:<\/p>\n<ul>\n<li>Kui sirvite meie veebilehte <a href=\"https:\/\/waybiller.com\/et\/\">https:\/\/waybiller.com\/et\/<\/a><\/li>\n<li>Kui n\u00f5ustute veebilehel kasutatavate k\u00fcpsistega<\/li>\n<li>Kui broneerite veebilehel demo v\u00f5i esitate liitumistaotluse<\/li>\n<li>Kui liitute meie uudiskirjaga<\/li>\n<li>Kui kontakteerute meiega l\u00e4bi vestlusakna, e-maili v\u00f5i telefoni teel<\/li>\n<li>Kui olete meie teenuse registreeritud kasutaja<\/li>\n<\/ul>\n<p><!-- \/wp:list-item --><\/p>\n<p>K\u00fcpsised<\/p>\n<p>Nagu enamus veebilehti, kasutab ka <a href=\"https:\/\/waybiller.com\/et\/\">https:\/\/waybiller.com\/et\/<\/a> &#8220;k\u00fcpsiseid&#8221;. K\u00fcpsis on sisuliselt tekstifail, mis salvestatakse veebilehe k\u00fclastamisel kasutaja seadmesse. P\u00fcsik\u00fcpsised j\u00e4\u00e4vad teie arvutisse v\u00f5i mobiilseadmesse ka peale seda, kui olete sulgenud brauseri v\u00f5i arvuti. Sessioonik\u00fcpsised kustutatakse kohe p\u00e4rast brauseri sulgemist. K\u00fcpsiste abil m\u00e4\u00e4ratakse ja salvestatakse eelistused, regionaalsed s\u00e4tted, teenuste kasutamise valikud jpm. Soovi korral v\u00f5ite brauseri seadistuses \u00e4ra keelata k\u00fcpsiste kasutamise, kuid sel juhul on v\u00f5imalik, et teile pakutav teenus on h\u00e4iritud.<\/p>\n<p>K\u00fcpsised jagunevad oma eesm\u00e4rgilt vajalikud, funktsionaalsed ja teavitusk\u00fcpsised. Vajalikud k\u00fcpsised on sessioonik\u00fcpsised, mille eesm\u00e4rgiks on v\u00f5imaldada teile meie veebilehel pakutavate teenuste kasutamist, need aitavad kasutajaid autentida ja v\u00e4ltida kasutajakontode pahatahtlikku kasutamist. Teavitusk\u00fcpsised tuvastavad kas kasutajad on veebilehel k\u00fcpsiste kasutamist aktsepteerinud. Funktsionaalsuse k\u00fcpsiste eesm\u00e4rk on pakkuda personaalsemat kogemust ja v\u00e4ltida eelistuste uuesti sisestamist, need v\u00f5imaldavad teie brauseril meeles pidada valikuid, mida teete veebilehe kasutamisel, nt sisselogimisandmete v\u00f5i keele-eelistuste salvestamine.<\/p>\n<p><!-- wp:heading {\"level\":5} --><\/p>\n<h5 class=\"wp-block-heading\">2.3 Kuidas me andmeid kasutame<\/h5>\n<p>T\u00f6\u00f6tleme isikuandmeid ainult ulatuses, mis on vajalik ja asjakohane konkreetse t\u00f6\u00f6tlemise eesm\u00e4rgi jaoks. Waybiller t\u00f6\u00f6tleb isikuandmeid eelk\u00f5ige teie poolt valitud teenuse osutamiseks, kuid ka teenuse kohta tagasiside kogumiseks ja kasutuskogemuse parendamiseks ning turunduslikel eesm\u00e4rkidel.<\/p>\n<p>Klienditoe andmeid ja kirjavahetust kogutakse nt ka vaidluste ja teenuse kvaliteediprobleemide lahendamiseks. Teie nime, telefoninumbrit ja e-posti aadressi kasutatakse teiega suhtlemiseks, nt selleks, et hoida teid kursis ja teavitada teid olulistest teenuse uudistest.<\/p>\n<p>Kogutud informatsiooni v\u00f5ime kasutada erinevatel eesm\u00e4rkidel, sealhulgas nt:<\/p>\n<ul>\n<li>Veebilehe hooldamiseks, haldamiseks, arendamiseks, personaliseerimiseks jms<\/li>\n<li>Statistika kogumiseks, et saaksime pakkuda paremaid teenuseid ja\/v\u00f5i pakkumisi ning m\u00f5ista ja anal\u00fc\u00fcsida meie veebilehe k\u00fclastajate k\u00e4itumist<\/li>\n<li>Teie tuvastamiseks telefoni, s\u00f5numi v\u00f5i e-posti teel<\/li>\n<li>Teile teenusega seotud informatsiooni saatmiseks<\/li>\n<li>Pettuste v\u00e4ltimiseks ja meie veebilehe kaitsmiseks<\/li>\n<li>Vestlusajaloo lugemise v\u00f5imaldamiseks, et kiirendada asjakohase n\u00f5u andmist<\/li>\n<li>Uute teenuste arendamiseks v\u00f5i funktsionaalsuste parendamiseks<\/li>\n<li>Turunduss\u00f5numite saatmiseks<\/li>\n<li>Muudel eesm\u00e4rkidel, nt andmete anal\u00fc\u00fcsimiseks<\/li>\n<\/ul>\n<p><!-- \/wp:list-item --><\/p>\n<p><!-- wp:heading {\"level\":5} --><\/p>\n<h5 class=\"wp-block-heading\">2.4 Millistel juhtudel andmeid jagame<\/h5>\n<p>Teie isikuandmeid ei edastata \u00fchelegi organisatsioonile ega riigile, v\u00e4lja arvatud juhul, kui selleks on m\u00f5juv p\u00f5hjus, kui see on vajalik teenuse osutamiseks ning kliendi ja Waybilleri vaheliste muude kokkulepete j\u00f5ustamiseks v\u00f5i kohaldamiseks v\u00f5i kui see on n\u00f5utav vastavalt kohalduvale \u00f5igusele ja on tagatud teie andmete turvalisus.<\/p>\n<p>Kuna Waybilleri \u00e4ripartnerid, tarnijad v\u00f5i teenusepakkujad v\u00f5ivad olla vastutavad teenuse ja veebisaidi \u00fcldise toimimise teatavate osade eest, v\u00f5ib isikuandmeid neile avaldada. Teeme koost\u00f6\u00f6d ainult usaldusv\u00e4\u00e4rsete partnerite ja ametiasutustega ja jagame andmeid ainult siis, kui selleks on asjakohane p\u00f5hjus ning piirame andmete jagamist ainult vajalike andmetega. Waybiller tagab, et asjaomaste allt\u00f6\u00f6tlejate suhtes on kehtestatud samad andmekaitsekohustused, mis k\u00e4esolevates tingimustes. Rakendame asjakohaseid tehnilisi ja korralduslikke meetmeid, et t\u00f6\u00f6tlemine vastaks kohalduva seaduse n\u00f5uetele.<\/p>\n<p>Me ei edasta isikuandmeid ilma kliendi eelneva n\u00f5usolekuta riikidesse, mis ei ole Euroopa Liidus\/Euroopa Majanduspiirkonnas ega Euroopa Komisjoni poolt hinnatud piisavat isikuandmete kaitset tagavate riikide nimekirjas.<\/p>\n<p><!-- wp:heading {\"level\":5} --><\/p>\n<h5 class=\"wp-block-heading\">2.5 Isikuandmete s\u00e4ilitamine<\/h5>\n<p>S\u00e4ilitame teie isikuandmeid seni, kuni see on vajalik k\u00e4esolevas privaatsuspoliitikas s\u00e4testatud eesm\u00e4rkidel ja teenuse osutamisega seotud tegevuste jaoks. S\u00e4ilitame ja kasutame teie isikuandmeid ulatuses, mis on vajalik meie juriidiliste kohustuste t\u00e4itmiseks (nt kui peame teie andmeid s\u00e4ilitama kehtivate seaduste j\u00e4rgimiseks), vaidluste lahendamiseks ning meie juriidiliste lepingute ja eeskirjade j\u00f5ustamiseks.<\/p>\n<p>Palun pange t\u00e4hele, et Waybilleri rakenduse teie seadmest eemaldamine ei too kaasa teie isikuandmete kustutamist.<\/p>\n<p><!-- wp:heading {\"level\":5} --><\/p>\n<h5 class=\"wp-block-heading\"><strong>3. TEIE \u00d5IGUSED<\/strong><\/h5>\n<p><!-- wp:heading {\"level\":5} --><\/p>\n<p class=\"wp-block-heading\">Kui edastate meile isiklikku teavet, m\u00f5istate, et kogume, hoiame, kasutame ja avaldame seda vastavalt k\u00e4esolevale privaatsuspoliitikale.<\/p>\n<p>Teil on \u00f5igus oma andmeid meiega mitte jagada, teadmisega, et see v\u00f5ib m\u00f5jutada teie kogemust meie teenuste kasutamisel.<\/p>\n<p>Teil on \u00f5igus n\u00f5uda teie kohta kogutavate andmete \u00fcksikasju. Teil on \u00f5igus paluda meil parandada v\u00f5i t\u00e4iendada teavet, mis on teie arvates eba\u00f5ige v\u00f5i puudulik. Kui leiate, et andmed, mida teie kohta kogunud oleme, on ebat\u00e4psed, aegunud, puudulikud, ebaolulised v\u00f5i eksitavad, v\u00f5tke palun meiega \u00fchendust ja teeme k\u00f5ik meist oleneva, et teave parandada.<\/p>\n<p>Teil on \u00f5igus n\u00f5uda oma andmete eemaldamist meie andmebaasidest ja \u00f5igus keelata v\u00f5i piirata oma isikuandmete t\u00f6\u00f6tlemine, v\u00e4lja arvatud juhul, kui see on vajalik lepingust tuleneva n\u00f5ude t\u00e4itmiseks, sh teenuse osutamiseks. Kui olete varem andnud n\u00f5usoleku meiega oma isiklikke andmeid turunduse eesm\u00e4rkidel jagada, j\u00e4\u00e4b teile \u00f5igus igal ajal oma meelt muuta.<\/p>\n<p>Saades teie kohta isiklikku teavet kolmandalt osapoolelt, kaitseme seda vastavalt k\u00e4esolevale privaatsuspoliitikale ja Eesti Vabariigi seadusele. Kui jagate ise kolmanda osapoole andmeid, kinnitate, et teil on selleks ka \u00f5igus ja luba.<\/p>\n<p>Kui arvate, et oleme rikkunud asjakohast andmekaitseseadust, v\u00f5tke palun meiega \u00fchendust kasutades k\u00e4esolevast dokumendist leitavaid kontaktandmeid ja edastage meile k\u00f5ik rikkumise kohta k\u00e4ivad \u00fcksikasjad. Uurime teie kaebust ja vastame teile kirjalikult, esitades uurimise tulemused ja sammud, mida teie kaebuse lahendamiseks ette v\u00f5tame. Teil on \u00f5igus p\u00f6\u00f6rduda ka reguleeriva asutuse v\u00f5i andmekaitseasutuse poole.<\/p>\n<p><!-- wp:heading {\"level\":5} --><\/p>\n<h5 class=\"wp-block-heading\"><strong>4. ANDMETE TURVALISUS<\/strong><\/h5>\n<p>Teie isikuandmete turvalisus on meie jaoks oluline. Waybiller O\u00dc v\u00f5tab ette k\u00f5ik m\u00f5istlikult vajalikud meetmed, et tagada teie andmete t\u00f6\u00f6tlemine turvaliselt ja koosk\u00f5las k\u00e4esoleva privaatsuspoliitika ning Eesti Vabariigi seadusega.<\/p>\n<p>Anname endast k\u00f5ik, et kaitsta teie andmeid, kuid pidage meeles, et \u00fckski interneti-teel info vahetamise viis ega elektrooniline salvestusmeetod pole 100% turvaline ja me ei saa tagada andmete t\u00e4ielikku turvalisust.<\/p>\n<p><!-- wp:heading {\"level\":5} --><\/p>\n<h5 class=\"wp-block-heading\"><strong>5. VIITAMINE TEISTELE VEEBILEHTEDELE<\/strong><\/h5>\n<p>Meie veebilehelt v\u00f5ite leida linke teistele veebilehtedele, mis ei kuulu meile. Kui vajutate kolmanda osapoole lingil, suunatakse teid selle kolmanda osapoole saidile. Soovitame tungivalt tutvuda iga k\u00fclastatava saidi privaatsuspoliitikaga.<\/p>\n<p>Me ei oma mingit kontrolli kolmandate osapoolte saitide \u00fcle ega v\u00f5ta vastutust nende sisu, privaatsuspoliitika, pakutavate teenuste v\u00f5i muu eest.<\/p>\n<p><!-- wp:heading {\"level\":5} --><\/p>\n<h5 class=\"wp-block-heading\"><strong>6. UUENDUSED<\/strong><\/h5>\n<p>V\u00f5ime k\u00e4esolevat privaatsuspoliitikat muuta, et kajastada meie andmete t\u00f6\u00f6tlemise tavasid v\u00f5i muid muudatusi. Uuendamisel v\u00e4rskendame viimati muudetud kuup\u00e4eva. Kehtiva versiooni leiate meie veebilehelt <a href=\"https:\/\/waybiller.com\/et\/\">https:\/\/waybiller.com\/et\/<\/a>.<\/p>\n<p>Kui k\u00fclastate ja kasutate meie veebilehte ka p\u00e4rast privaatsuspoliitika uuendamist, k\u00e4sitleme me seda kui teie vaikivat n\u00f5usolekut muudatustega.<\/p>\n<p><!-- wp:paragraph -->Viimati muudetud 01.01.2024<\/p>\n<p><!-- \/wp:paragraph --><\/p>\n\t\t\t<\/div>\n<\/section>","protected":false},"excerpt":{"rendered":"","protected":false},"author":1,"featured_media":21837,"parent":0,"menu_order":0,"comment_status":"closed","ping_status":"open","template":"","meta":{"_acf_changed":false,"footnotes":""},"class_list":["post-21982","page","type-page","status-publish","has-post-thumbnail","hentry"],"acf":[],"_links":{"self":[{"href":"https:\/\/waybiller.com\/et\/wp-json\/wp\/v2\/pages\/21982","targetHints":{"allow":["GET"]}}],"collection":[{"href":"https:\/\/waybiller.com\/et\/wp-json\/wp\/v2\/pages"}],"about":[{"href":"https:\/\/waybiller.com\/et\/wp-json\/wp\/v2\/types\/page"}],"author":[{"embeddable":true,"href":"https:\/\/waybiller.com\/et\/wp-json\/wp\/v2\/users\/1"}],"replies":[{"embeddable":true,"href":"https:\/\/waybiller.com\/et\/wp-json\/wp\/v2\/comments?post=21982"}],"version-history":[{"count":5,"href":"https:\/\/waybiller.com\/et\/wp-json\/wp\/v2\/pages\/21982\/revisions"}],"predecessor-version":[{"id":25409,"href":"https:\/\/waybiller.com\/et\/wp-json\/wp\/v2\/pages\/21982\/revisions\/25409"}],"wp:featuredmedia":[{"embeddable":true,"href":"https:\/\/waybiller.com\/et\/wp-json\/wp\/v2\/media\/21837"}],"wp:attachment":[{"href":"https:\/\/waybiller.com\/et\/wp-json\/wp\/v2\/media?parent=21982"}],"curies":[{"name":"wp","href":"https:\/\/api.w.org\/{rel}","templated":true}]}}