{"id":21973,"date":"2024-12-06T11:12:20","date_gmt":"2024-12-06T11:12:20","guid":{"rendered":"https:\/\/waybiller.com\/terms-of-use\/"},"modified":"2025-02-13T19:22:57","modified_gmt":"2025-02-13T19:22:57","slug":"kasutustingimused","status":"publish","type":"page","link":"https:\/\/waybiller.com\/et\/kasutustingimused\/","title":{"rendered":"Kasutustingimused"},"content":{"rendered":"<section class=\"section blog-hero\">\n\t<div class=\"container\">\n\t\t\t\t\t<h1>Kasutustingimused<\/h1>\n\t\t\t\t\t<\/div>\n<\/section>\n\n<section class=\"section content-text\">\n\t<div class=\"container\">\n\t\t\t\t\t<p><!-- wp:heading {\"level\":5} --><\/p>\n<p>Viimati uuendatud 29.10.2024<\/p>\n<p>K\u00e4esolevad Waybiller O\u00dc kasutustingimused (edaspidi <strong>Kasutustingimused<\/strong>) on teenuse osutamise lepinguks Kliendi ja Waybiller O\u00dc, registrikood: 14200010 (edaspidi <strong>Waybiller<\/strong>), vahel. K\u00e4esolevate Kasutustingimuste eesm\u00e4rk on tagada Waybilleri teenuste kvaliteet. Waybilleri teenuseid kasutades kinnitab Waybilleri teenuse kasutaja (edaspidi <strong>Klient<\/strong>), et on Kasutustingimustega tutvunud, neist aru saanud ning ta n\u00f5ustub nendega. Waybiller pakub allpool m\u00e4\u00e4ratletud teenuseid vastavalt j\u00e4rgmistele tingimustele:<\/p>\n<p><!-- wp:heading {\"level\":5} --><\/p>\n<h5 class=\"wp-block-heading\"><strong>1. \u00dcLDINE<\/strong><\/h5>\n<p><!-- wp:heading {\"level\":5} --><\/p>\n<p>1.1 Kasutustingimused reguleerivad Waybilleri teenuste kasutamist.<\/p>\n<p>1.2 Juhul, kui Klient ei n\u00f5ustu Kasutustingimustega, ei ole tal \u00f5igust Waybilleri teenuseid kasutada ning ta peab koheselt l\u00f5petama Waybilleri teenuste kasutamise.<\/p>\n<p>1.3 Waybilleri teenuseid kasutades kohustub Klient j\u00e4rgima Kasutustingimusi. Waybilleril on \u00f5igus kliendiga s\u00f5lmitud leping erakorraliselt etteteatamist\u00e4htaega j\u00e4rgimata \u00fcles \u00f6elda ja l\u00f5petada Kliendile teenuste osutamine, kui Klient rikub Kasutustingimusi.<\/p>\n<p>1.4 Klient kinnitab, et tema poolt Waybillerile esitatud teave on t\u00f5ene, t\u00e4pne ja t\u00e4ielik, ning ta n\u00f5ustub hoidma seda ajakohasena.<\/p>\n<p><!-- \/wp:list-item --><\/p>\n<p><!-- wp:heading {\"level\":5} --><\/p>\n<p><!-- wp:heading {\"level\":5} --><\/p>\n<h5 class=\"wp-block-heading\"><strong>2. LITSENTSEERITAV TARKVARA<\/strong><\/h5>\n<p>2.1 Waybiller osutab veebip\u00f5hist e-veoselehtede loomise ja haldamise teenust (edaspidi <strong>Teenus<\/strong>), mida Waybiller v\u00f5ib vajaduse korral muuta v\u00f5i ajakohastada ning mis on kasutatav tema veebisaidi www.waybiller.com (edaspidi <strong>Veebisait<\/strong>) v\u00f5i nutitelefonile paigaldatavate iOS ja Android rakenduste kaudu.<\/p>\n<p>2.2. Klient peab registreeruma teenuse kasutamiseks Veebisaidi kaudu, t\u00e4ites seal oleva registreerimisvormi. Seej\u00e4rel saadetakse talle lisatud meiliaadressile link, mille kaudu tuleb m\u00e4\u00e4rata endale parool ja seel\u00e4bi kasutajakonto loomine kinnitada.<\/p>\n<p>2.3 Registreerimisvorm moodustab kliendi tellimuse (edaspidi <strong>Tellimus<\/strong>).<\/p>\n<p>2.4 Tellimus koos k\u00e4esolevate tingimustega moodustab Kliendi ja Waybilleri vahelise t\u00e4htajatu kasutuslepingu (edaspidi <strong>Leping<\/strong>).<\/p>\n<p>2.5 S\u00f5lmitud Lepinguga ei saa klient Waybilleri tarkvara omanikuks. Lepinguga saab Klient \u00fcksnes \u00f5iguse kasutada Waybilleri tarkvara lepingus s\u00e4testatud viisil.<\/p>\n<h5 class=\"wp-block-heading\"><strong>3. TASU<\/strong><\/h5>\n<p><!-- wp:heading {\"level\":5} --><\/p>\n<p>3.1 Waybilleris on tasuta funktsioonid ja tasulised funktsioonid. Tasuta funktsioonide kasutamiseks n\u00f5ustub Klient k\u00e4esolevate Kasutustingimustega ja s\u00f5lmib Waybilleriga punktis 2.4. s\u00e4testatud Lepingu. Tasuliste funktsioonide kasutamiseks tuleb s\u00f5lmida eraldi litsentsileping (edaspidi <strong>Litsentsileping<\/strong>). K\u00e4esolevate Kasutustingimuste ja Litsentsilepingu s\u00e4tete vastuolude korral kohaldatakse Litsentsilepingu s\u00e4tteid. Litsentsilepingu s\u00f5lmimiseks tuleb v\u00f5tta \u00fchendust klienditoega support@waybiller.com.<\/p>\n<p><!-- wp:heading {\"level\":5} --><\/p>\n<h5 class=\"wp-block-heading\"><strong>4. KASUTAJAD<\/strong><\/h5>\n<p>4.1 Klient lisab Waybilleris T\u00f6\u00f6tajad men\u00fc\u00fcpunktis kasutajad, kellel on tema nimel teenusele juurdep\u00e4\u00e4su \u00f5igus (edaspidi <strong>Kasutajad)<\/strong>. Sellest olenemata vastutab Klient Kasutajate mis tahes ja k\u00f5igi tegevuste eest teenuse kasutamisel.<\/p>\n<p><span style=\"font-weight: 400;\">4.2 Klient kontrollib Kasutajate juurdep\u00e4\u00e4su Teenusele ja v\u00f5ib omal \u00e4ran\u00e4gemisel t\u00fchistada v\u00f5i muuta Kasutajate juurdep\u00e4\u00e4su Teenusele mis tahes ajal.<br \/>\n<\/span><\/p>\n<p>4.3 Kliendi ja Kasutajate vahelise vaidluse korral, mis on seotud Teenusele juurdep\u00e4\u00e4suga, otsustab Klient Kasutajate juurdep\u00e4\u00e4su\u00f5igused Kliendi andmetele ja teenusele.<\/p>\n<p><!-- wp:heading {\"level\":5} --><\/p>\n<h5 class=\"wp-block-heading\"><strong>5. KLIENDI ANDMED\u00a0<\/strong><\/h5>\n<p>5.1 Mis tahes andmed, mida Klient salvestab v\u00f5i sisestab Teenuse kaudu (edaspidi <strong>Kliendi andmed<\/strong>), kuuluvad Kliendile.<\/p>\n<p>5.2 Klient annab Waybillerile loa Kliendi andmete t\u00f6\u00f6tlemiseks, st kasutamiseks, kopeerimiseks, muutmiseks, edastamiseks, salvestamiseks ja varundamiseks, s\u00e4ilitamiseks, et v\u00f5imaldada Kliendile Teenusele juurdep\u00e4\u00e4su ja Teenuse kasutamist.<\/p>\n<p>5.3 Klient vastutab ainuisikuliselt Kliendi sisestatud andmete eest ning on vastutav vastava sisu sisestamisest v\u00f5i edastamisest tulenevate v\u00f5i sellega seotud tagaj\u00e4rgede eest.<\/p>\n<p>5.4 Klient kinnitab, et tal on \u00f5igus sisestada v\u00f5i edastada Kliendi andmeid, ja et vastavate tegevustega ei rikuta k\u00e4esolevaid tingimusi, kohalduvat \u00f5igust, intellektuaalse omandi \u00f5igusi ega muid kolmandate isikute \u00f5igusi.<\/p>\n<p>5.5 Klient on teadlik ning annab Waybillerile n\u00f5usoleku jagada Kliendi andmeid isikutega, kellele on andmete jagamine teenuse pakkumiseks vajalik. Waybiller ei jaga Kliendi andmeid kolmandate isikutega, kellega Kliendi andmete jagamine ei ole vajalik Teenuse osutamiseks. Waybiller keelab isikutel, kellega Kliendi andmeid jagatakse, Kliendi andmeid kopeerida ning kolmandate isikutega jagada.<\/p>\n<p>5.6 Waybiller ei j\u00e4lgi Kliendi andmeid. Klient vastutab ainuisikuliselt selle eest, et Kliendi andmed on koosk\u00f5las k\u00e4esolevate Kasutustingimustega, kolmandate isikute \u00f5igustega ja kohalduva \u00f5igusega. V\u00f5tmata endale vastavat kohustust, v\u00f5ib Waybiller siiski kustutada Kliendi andmeid v\u00f5i peatada v\u00f5i l\u00f5petada Lepingu omal \u00e4ran\u00e4gemisel, kui Kliendi andmed rikuvad k\u00e4esolevaid Kasutustingimusi, kolmandate isikute \u00f5igusi v\u00f5i kohalduvat \u00f5igust. Waybiller v\u00f5ib teha vastavaid toiminguid sellest Klienti ette teavitamata.<\/p>\n<p>5.7 Waybiller ei ole kohustatud hoidma Kliendi andmetest varukoopiaid, kui Leping on l\u00f5petatud v\u00f5i kui Kliendi andmed on kustutatud mis tahes p\u00f5hjusel. Waybiller ei saa garanteerida, et isikud, kellega jagatakse Kliendi andmeid Teenuse osutamiseks, s\u00e4ilitavad andmeid turvaliselt. Kindluse m\u00f5ttes peaks Klient varundama Kliendi andmeid iseseisvalt.<\/p>\n<p>5.8 Kui Klient otsustab oma mobiilseadmes asukoha j\u00e4lgimise lubada, kogub Waybiller sellest seadmest regulaarsete intervallidega asukohaandmeid e-veoselehe haldamise h\u00f5lbustamiseks. Asukohaandmed on k\u00e4ttesaadavad \u00fcksnes konkreetse e-veoselehega seotud ettev\u00f5tete kasutajatele ja neid kasutatakse ainult eesm\u00e4rkidel, mille Klient on lubanud.<\/p>\n<p><!-- wp:heading {\"level\":5} --><\/p>\n<h5 class=\"wp-block-heading\"><strong>6. KEELATUD TEGEVUSED<\/strong><\/h5>\n<p>6.1 Kliendil ei ole lubatud kasutada Teenuseid ebaseaduslikul, kahju tekitaval, eksitaval, pettuslikul ega muul pahatahtlikul eesm\u00e4rgil.<\/p>\n<p>6.2 Kliendil on keelatud edastada materjali v\u00f5i sisu, mis sisaldab viiruseid v\u00f5i muud pahatahtlikku koodi, v\u00f5i sisu, mis rikub v\u00f5i v\u00f5ib rikkuda kolmandate isikute intellektuaalse omandi \u00f5igusi v\u00f5i muid \u00f5igusi.<\/p>\n<p>6.3. Klientidel on keelatud jagada Waybilleri Teenustega seotud dokumente, andmeid ning informatsiooni kolmandate isikutega, kes pole veo osapoolteks v\u00f5i Waybilleri Litsentsilepingu kliendid.<\/p>\n<h5 class=\"wp-block-heading\"><strong>7. INTELLEKTUAALNE OMAND<\/strong><\/h5>\n<p>7.1 Teenuse ja Veebisaidiga seotud intellektuaalse omandi \u00f5igused (sealhulgas patent, kaubam\u00e4rk, teenindusm\u00e4rk, logod, autori\u00f5igus, mittevaraline \u00f5igus, oskusteave, domeeni nimed ja muu, kogu maailmas, registreeritud v\u00f5i registreerimata) j\u00e4\u00e4vad Waybilleri omandisse.<\/p>\n<p>7.2 K\u00e4esolevad Kasutustingimused ei anna Kliendile \u00f5igust kasutada Waybilleri intellektuaalset omandit ilma Waybilleri eelneva kirjaliku loata.<\/p>\n<h5 class=\"wp-block-heading\"><strong>8. ISIKUANDMED<\/strong><\/h5>\n<p>8.1 Klient kinnitab, et tal on k\u00f5ik \u00f5igused ja n\u00f5usolekud Teenuse kasutamisel esitatud isikuandmete avaldamiseks Waybillerile, sealhulgas ka juhul, kui Klient ise ei ole Waybillerile tema poolt avaldatud isikuandmete vastutav t\u00f6\u00f6tleja. Sellisteks isikuandmeteks v\u00f5ivad olla Kliendi v\u00f5i tema l\u00f5ppkliendi ja nende t\u00f6\u00f6tajate, klientide, koost\u00f6\u00f6partnerite jms nimi, kontaktandmed ja muud andmed, mis on vajalikud teenuse osutamiseks (edaspidi <strong>Isikuandmed<\/strong>). Klient v\u00f5i l\u00f5ppklient on vastavate Isikuandmete suhtes andmete vastutav t\u00f6\u00f6tleja ning Waybiller volitatud t\u00f6\u00f6tleja. Vastavaid Isikuandmeid k\u00e4sitletakse ka Kliendi andmetena vastavalt punktis 5 s\u00e4testatule.<\/p>\n<p>8.2 Waybiller t\u00f6\u00f6tleb Isikuandmeid eelk\u00f5ige kliendi poolt valitud teenuse osutamiseks, kuid ka Teenuse kohta tagasiside kogumiseks ja kasutuskogemuse parendamiseks ning turunduslikel eesm\u00e4rkidel. Kasutajal on igal ajal \u00f5igus meiega l\u00e4bi avalike kanalite \u00fchendust v\u00f5ttes keelata oma isikuandmete t\u00f6\u00f6tlemine, v\u00e4lja arvatud juhul, kui see on vajalik lepingust tuleneva n\u00f5ude t\u00e4itmiseks, sh teenuse osutamiseks. Kasutajal on \u00f5igus n\u00f5uda ligip\u00e4\u00e4su endaga seotud andmetele ja nende parandamist.<\/p>\n<p>8.3 Waybiller tagab, et tema poolt isikuandmeid t\u00f6\u00f6tlema volitatud isikud on kohustatud j\u00e4rgima konfidentsiaalsusn\u00f5uet v\u00f5i nende suhtes kehtib asjakohane konfidentsiaalsuskohustus. Klient on teadlik, et Waybiller peab Teenuse osutamiseks andmeid jagama Teenuse osutamisega seotud osapooltega.<\/p>\n<p>8.4 Kliendi avaldatud Isikuandmeid ei avaldata kolmandatele isikutele ilma Kliendi n\u00f5usolekuta, v\u00e4lja arvatud siis, kui see on vajalik teenuse osutamiseks, tingimuste ning Kliendi ja Waybilleri vaheliste muude kokkulepete j\u00f5ustamiseks v\u00f5i kohaldamiseks v\u00f5i kui see on n\u00f5utav vastavalt kohalduvale \u00f5igusele. Kuna Waybilleri \u00e4ripartnerid v\u00f5i tarnijad v\u00f5i teenusepakkujad (edaspidi <strong>Allt\u00f6\u00f6tlejad<\/strong>) v\u00f5ivad olla vastutavad teenuse ja veebisaidi \u00fcldise toimimise teatavate osade eest, v\u00f5ib isikuandmeid neile avaldada. Waybiller tagab, et asjaomaste Allt\u00f6\u00f6tlejate suhtes on kehtestatud samad andmekaitsekohustused, mis k\u00e4esolevates tingimustes. Waybiller rakendab asjakohaseid tehnilisi ja korralduslikke meetmeid, et t\u00f6\u00f6tlemine vastaks kohalduva seaduse n\u00f5uetele. Kui allt\u00f6\u00f6tleja ei t\u00e4ida oma andmekaitsekohustusi, vastutab Waybiller allt\u00f6\u00f6tleja kohustuste t\u00e4itmise eest. Waybiller ei edasta isikuandmeid ilma kliendi eelneva n\u00f5usolekuta riikidesse, mis ei ole Euroopa Liidus \/ Euroopa Majanduspiirkonnas ega Euroopa Komisjoni poolt hinnatud piisavat isikuandmete kaitset tagavate riikide nimekirjas.<\/p>\n<p>8.5 Waybiller s\u00e4ilitab Isikuandmeid nii kaua, kuni see on Teenuse osutamisega seotud tegevuste jaoks v\u00f5i seadusest tulenevalt vajalik v\u00f5i kuni kasutaja avaldab soovi andmed eemaldada.<\/p>\n<p>8.6 Klient on teadlik ja n\u00f5ustub, et Waybiller kasutab allt\u00f6\u00f6tlejana DigitalOcean, LLC (aadress: 101 Avenue of the Americas, 10th Floor, New York, NY 10013 USA) seoses DigitalOcean pilvandmet\u00f6\u00f6tluse teenustega.<\/p>\n<p>8.7 Kliendi loal v\u00f5ivad isikuandmed sisaldada e-veoselehel kogutud asukohaandmeid \u00fcksnes selleks, et h\u00f5lbustada asjaomaste ettev\u00f5tete tegevust.<\/p>\n<h5 class=\"wp-block-heading\"><strong>9. TURVALISUS<\/strong><\/h5>\n<p>9.1 Waybiller kasutab Kliendi andmete t\u00f6\u00f6tlemiseks k\u00f5iki seadusest tulenevaid turvameetmeid. Waybiller teeb k\u00f5iki m\u00f5istlikke j\u00f5upingutusi selleks, et tagada Kliendi andmete turvaline kogumine, edastamine ja s\u00e4ilitamine.<\/p>\n<p>9.2 Waybiller on rakendanud andmete kaitsmiseks asjakohaseid f\u00fc\u00fcsilisi, tehnilisi ja organisatsioonilisi meetmeid.<\/p>\n<h5 class=\"wp-block-heading\"><strong>10. GARANTII PUUDUMINE<\/strong><\/h5>\n<p>10.1 Waybiller ei garanteeri ega kinnita Teenuse kvaliteeti, eesm\u00e4rgiks sobivust, mitterikkumist, terviklikkust ega t\u00e4psust.<\/p>\n<p>10.2 Olenemata Waybilleri p\u00fc\u00fcdlustest pakkuda Kliendile parima kvaliteedi, ohutuse ja turvalisusega teenuseid, ei garanteeri Waybiller, et Teenus on katkestusteta, \u00f5igeaegne,vigadeta v\u00f5i et puudused parandatakse.<\/p>\n<p>10.3 Waybiller ei saa garanteerida, et k\u00f5ik Teenuse osutamisega seotud osapooled peavad kinni n\u00f5uetest, mis on vajalikud turvaliseks isikuandmete kogumiseks, edastamiseks ja s\u00e4ilitamiseks.<\/p>\n<p>10.4 Waybiller j\u00e4tab endale \u00f5iguse muuta v\u00f5i l\u00f5petada Teenuse funktsioone ja omadusi perioodiliselt v\u00f5i mis tahes ajal, ajutiselt v\u00f5i p\u00fcsivalt, vastutamata Kliendi ees Teenuse v\u00f5i Teenuse funktsioonide v\u00f5i omaduste katkestamise, muutmise v\u00f5i l\u00f5petamise eest. V\u00f5imaluse korral teatatakse Teenuse l\u00f5petamisest m\u00f5istlikult ette.<\/p>\n<p>10.5 Waybiller ei vastuta Teenuse toimimisel v\u00f5i kasutamisel esinevate takistuste eest, mis on p\u00f5hjustatud veebimajutuse teenuse pakkuja, Kliendi internetiteenuse pakkuja v\u00f5i muu kolmanda isiku poolt, v\u00e4lja arvatud juhul, kui see on n\u00f5utav kohalduva \u00f5igusega.<\/p>\n<h5 class=\"wp-block-heading\"><strong>11. VASTUTUSE PIIRANG<\/strong><\/h5>\n<p>11.1 Seadusega lubatud suurimas ulatuses ei vastuta Waybiller kahju eest, mis tuleneb Kliendi poolt Teenuse kasutamisest v\u00f5i kasutamise v\u00f5imatusest v\u00f5i volitamata juurdep\u00e4\u00e4sust Kliendi andmetele, nende katkestusest, muutusest, h\u00e4vimisest v\u00f5i kustutamisest.<\/p>\n<p>11.2 Lisaks ei vastuta Waybiller \u00fchelgi juhul kaudse kahju, sealhulgas saamata j\u00e4\u00e4nud tulu eest.<\/p>\n<p>11.3 Mis tahes juhul on Waybilleri koguvastutus piiratud summaga, mille klient on maksnud Waybillerile Teenuste eest viimase kaheteistk\u00fcmne (12) kuu jooksul vahetult enne seda kuud, mil leidis aset s\u00fcndmus, mis t\u00f5i kaasa Waybilleri vastutuse.<\/p>\n<h5 class=\"wp-block-heading\"><strong>12. TINGIMUSTE MUUTMINE<\/strong><\/h5>\n<p>12.1 Waybiller j\u00e4tab endale \u00f5iguse muuta Kasutustingimuste mis tahes osa mis tahes ajal sellest ette teatamata. Kui Klient ei n\u00f5ustu nende muudatustega v\u00f5i mis tahes konkreetse muudatusega, ei pruugi Kliendil olla v\u00f5imalik j\u00e4tkata Teenuse kasutamist.<\/p>\n<h5 class=\"wp-block-heading\"><strong>13. T\u00c4HTAEG JA L\u00d5PETAMINE<\/strong><\/h5>\n<p>13.1 Leping on s\u00f5lmitud t\u00e4htajatult.<\/p>\n<p>13.2 Klient v\u00f5ib l\u00f5petada Lepingu igal ajal korralise l\u00f5petamise korras p\u00f5hjust esitamata, saates tellimuse t\u00fchistamise e-kirja allpool n\u00e4idatud kontaktidel. Litsentsilepingu korral rakendatakse Litsentsilepingu s\u00e4tteid.<\/p>\n<p>13.3 Klient tunnistab ja n\u00f5ustub, et Waybiller v\u00f5ib peatada (p\u00fcsivalt v\u00f5i ajutiselt) Teenuse osutamise Waybilleri omal \u00e4ran\u00e4gemisel Kliendile ette teatamata, kui Klient rikub k\u00e4esolevaid tingimusi. Juhul kui Klient rikub k\u00e4esolevaid Kasutustingimusi ja Waybiller otsustab l\u00f5petada v\u00f5i peatada Kliendi konto ja\/v\u00f5i Lepingu Kliendi rikkumise t\u00f5ttu, ei ole Waybilleril kohustust h\u00fcvitada tasusid, mida Klient v\u00f5ib olla maksnud.<\/p>\n<p>13.4 Lisaks v\u00f5ib Waybiller l\u00f5petada Lepingu ja Kliendi teenusele juurdep\u00e4\u00e4su ja teenuse kasutamise \u00f5iguse korralise l\u00f5petamise korras, teatades sellest Kliendile kolmk\u00fcmmend (30) p\u00e4eva ette.<\/p>\n<h5 class=\"wp-block-heading\"><strong>14. L\u00d5PPS\u00c4TTED<\/strong><\/h5>\n<p>14.1 Waybiller ja Klient kohustuvad hoidma konfidentsiaalsena mis tahes teist poolt puudutavat informatsiooni, mille avaldamine kolmandatele isikutele v\u00f5ib teist poolt kahjustada ning mitte avaldama sellist informatsiooni ilma teise poole eelneva kirjalikult taasesitatavas vormis antava n\u00f5usolekuta, v\u00e4lja arvatud informatsioon, mille avaldamise kohustus tuleneb \u00f5igusaktist. Konfidentsiaalsuskohustus kehtib t\u00e4htajatuna ka peale lepingu l\u00f5ppemist.<\/p>\n<p>14.2 K\u00e4esolevatele tingimustele kohaldatakse Eesti Vabariigi \u00f5igust.<\/p>\n<p>14.3 Mis tahes k\u00e4esolevatest Kasutustingimustest tulenevad v\u00f5i nendega seotud vaidlused lahendab l\u00f5plikult Harju Maakohus Tallinnas.<\/p>\n<p>14.4 K\u00e4esolevad Kasutustingimused koos <a href=\"https:\/\/waybiller.com\/et\/privaatsuspoliitika\/\">Privaatsustingimuste<\/a>\u00a0ja Tellimusega moodustavad Lepingu sisu kohta Kliendi ja Waybilleri vahel t\u00e4ieliku kokkuleppe, mis on \u00fclimuslik ja asendab k\u00f5iki lepingu sisule kohaldatavaid varasemaid kirjalikke ja suulisi kokkuleppeid.<\/p>\n<p>14.5 Kui \u00fcks v\u00f5i mitu k\u00e4esolevate tingimuste s\u00e4tet osutuvad mis tahes osas \u00f5igust\u00fchiseks, kehtetuks, ebaseaduslikuks v\u00f5i mittej\u00f5ustatavaks, ei m\u00f5juta ega kahjusta see selles sisalduvate \u00fclej\u00e4\u00e4nud s\u00e4tete kehtivust, seaduslikkust ega j\u00f5ustatavust.<\/p>\n<p><span style=\"font-weight: 400;\">14.6 Waybiller v\u00f5ib loovutada k\u00e4esolevatest Kasutustingimustest tulenevaid mis tahes v\u00f5i k\u00f5iki oma \u00f5igusi mis tahes isikule ilma Kliendi n\u00f5usolekuta, v\u00e4lja arvatud juhul, kui see v\u00f5ib v\u00e4hendada Lepingu t\u00e4itmise t\u00f5en\u00e4osust.<\/span><\/p>\n<p>14.7 Palun saatke k\u00f5ik p\u00e4ringud Waybillerile allpool loetletud e-posti aadressil:<\/p>\n<p>Kontaktandmed<\/p>\n<p>Waybiller O\u00dc<\/p>\n<p>Aadress:M\u00e4ealuse 2\/1, Tallinn, Eesti<\/p>\n<p>E-post: waybiller@waybiller.com<\/p>\n\t\t\t<\/div>\n<\/section>","protected":false},"excerpt":{"rendered":"","protected":false},"author":5,"featured_media":21837,"parent":0,"menu_order":0,"comment_status":"closed","ping_status":"open","template":"","meta":{"_acf_changed":false,"footnotes":""},"class_list":["post-21973","page","type-page","status-publish","has-post-thumbnail","hentry"],"acf":[],"_links":{"self":[{"href":"https:\/\/waybiller.com\/et\/wp-json\/wp\/v2\/pages\/21973","targetHints":{"allow":["GET"]}}],"collection":[{"href":"https:\/\/waybiller.com\/et\/wp-json\/wp\/v2\/pages"}],"about":[{"href":"https:\/\/waybiller.com\/et\/wp-json\/wp\/v2\/types\/page"}],"author":[{"embeddable":true,"href":"https:\/\/waybiller.com\/et\/wp-json\/wp\/v2\/users\/5"}],"replies":[{"embeddable":true,"href":"https:\/\/waybiller.com\/et\/wp-json\/wp\/v2\/comments?post=21973"}],"version-history":[{"count":4,"href":"https:\/\/waybiller.com\/et\/wp-json\/wp\/v2\/pages\/21973\/revisions"}],"predecessor-version":[{"id":22003,"href":"https:\/\/waybiller.com\/et\/wp-json\/wp\/v2\/pages\/21973\/revisions\/22003"}],"wp:featuredmedia":[{"embeddable":true,"href":"https:\/\/waybiller.com\/et\/wp-json\/wp\/v2\/media\/21837"}],"wp:attachment":[{"href":"https:\/\/waybiller.com\/et\/wp-json\/wp\/v2\/media?parent=21973"}],"curies":[{"name":"wp","href":"https:\/\/api.w.org\/{rel}","templated":true}]}}