{"id":19335,"date":"2024-11-04T20:47:38","date_gmt":"2024-11-04T20:47:38","guid":{"rendered":"https:\/\/waybiller.com\/kontakt\/"},"modified":"2026-04-06T12:40:48","modified_gmt":"2026-04-06T12:40:48","slug":"kontakt","status":"publish","type":"page","link":"https:\/\/waybiller.com\/et\/kontakt\/","title":{"rendered":"Kontakt"},"content":{"rendered":"<section class=\"section blog-hero\">\n\t<div class=\"container\">\n\t\t\t\t\t<h1>V\u00f5tke meiega \u00fchendust<\/h1>\n\t\t\t\t\t\t\t<p>Aitame sul koostada ja hoiustada digitaalseid veoselehti.<\/p>\n\t\t\t<\/div>\n<\/section>\n\n<section class=\"section contacts\">\n\t<div class=\"container\">\n\t\t<div class=\"title\">\n\t\t\t\t\t<\/div>\n\t\t<div class=\"flex\">\n\t\t\t<div class=\"contacts-block\">\n\t\t\t\t<div class=\"support\">\n\t\t\t\t\t<h5>Klienditugi<\/h5>\n\t\t\t\t\t<div class=\"links\">\n\t\t\t\t\t\t\t\t\t\t\t\t\t<a  href=\"tel:+%203726068120\" >+ 372 606 8120<\/a>\n\t\t\t\t\t\t\t\t\t\t\t\t\t\t\t\t\t\t\t<a  href=\"mailto:support@waybiller.com\">support@waybiller.com<\/a>\n\t\t\t\t\t\t\t\t\t\t\t<\/div>\n\t\t\t\t\t\t\t\t\t\t\t<div class=\"support-time\">Klienditeenindus vastab t\u00f6\u00f6p\u00e4eviti kell 9-17<\/div>\n\t\t\t\t\t\t\t\t\t<\/div>\n\t\t\t\t<div class=\"find\">\n\t\t\t\t\t<h5>Leia meid<\/h5>\n\t\t\t\t\t\t\t\t\t\t\t<div class=\"address\">M\u00e4ealuse t\u00e4nav 2\/1, Tallinn, Eesti<\/div>\n\t\t\t\t\t\t\t\t\t\t\t\t\t\t\t\t<a href=\"https:\/\/maps.app.goo.gl\/5FApeKGAHcnbVCQw9\" target=\"_self\" rel=\"noopener\">Ava Google Mapsis<\/a>\n\t\t\t\t\t\t\t\t\t<\/div>\n\t\t\t\t<div class=\"social-block\">\n\t\t\t\t\t<h5>Sotsiaalmeedia<\/h5>\n\t\t\t\t\t<div class=\"social\">\n\t\t\t\t\t\t\t\t\t\t\t\t\t<a href=\"https:\/\/www.facebook.com\/waybiller\/\" target=\"_self\" rel=\"noopener\"><img decoding=\"async\" class=\"svg-image\" src=\"https:\/\/waybiller.com\/wp-content\/themes\/waybiller\/assets\/img\/dist\/facebook.svg\" alt=\"\"><\/a>\n\t\t\t\t\t\t\t\t\t\t\t\t\t\t\t\t\t\t\t<a href=\"https:\/\/www.linkedin.com\/company\/waybiller\" target=\"_self\" rel=\"noopener\"><img decoding=\"async\" class=\"svg-image\" src=\"https:\/\/waybiller.com\/wp-content\/themes\/waybiller\/assets\/img\/dist\/linkedin.svg\" alt=\"\"><\/a>\n\t\t\t\t\t\t\t\t\t\t\t\t\t\t\t\t\t\t\t<a href=\"https:\/\/www.instagram.com\/waybiller\/\" target=\"_self\" rel=\"noopener\"><img decoding=\"async\" class=\"svg-image\" src=\"https:\/\/waybiller.com\/wp-content\/themes\/waybiller\/assets\/img\/dist\/instagram.svg\" alt=\"\"><\/a>\n\t\t\t\t\t\t\t\t\t\t\t<\/div>\n\t\t\t\t<\/div>\n\t\t\t<\/div>\n\t\t\t<div class=\"form\">\n\t\t\t\t\n<div class=\"wpcf7 no-js\" id=\"wpcf7-f19182-o1\" lang=\"et\" dir=\"ltr\" data-wpcf7-id=\"19182\">\n<div class=\"screen-reader-response\"><p role=\"status\" aria-live=\"polite\" aria-atomic=\"true\"><\/p> <ul><\/ul><\/div>\n<form action=\"\/et\/wp-json\/wp\/v2\/pages\/19335#wpcf7-f19182-o1\" method=\"post\" class=\"wpcf7-form init\" aria-label=\"Contact form\" novalidate=\"novalidate\" data-status=\"init\">\n<fieldset class=\"hidden-fields-container\"><input type=\"hidden\" name=\"_wpcf7\" value=\"19182\" \/><input type=\"hidden\" name=\"_wpcf7_version\" value=\"6.1.5\" \/><input type=\"hidden\" name=\"_wpcf7_locale\" value=\"et\" \/><input type=\"hidden\" name=\"_wpcf7_unit_tag\" value=\"wpcf7-f19182-o1\" \/><input type=\"hidden\" name=\"_wpcf7_container_post\" value=\"0\" \/><input type=\"hidden\" name=\"_wpcf7_posted_data_hash\" value=\"\" \/><input type=\"hidden\" name=\"_wpcf7_recaptcha_response\" value=\"\" \/>\n<\/fieldset>\n<div class=\"input-item\">\n\t<span class=\"wpcf7-form-control-wrap\" data-name=\"text-433\"><input size=\"40\" maxlength=\"400\" class=\"wpcf7-form-control wpcf7-text wpcf7-validates-as-required\" aria-required=\"true\" aria-invalid=\"false\" placeholder=\"Nimi\" value=\"\" type=\"text\" name=\"text-433\" \/><\/span>\n<\/div>\n<div class=\"input-item\">\n\t<span class=\"wpcf7-form-control-wrap\" data-name=\"text-434\"><input size=\"40\" maxlength=\"400\" class=\"wpcf7-form-control wpcf7-text wpcf7-validates-as-required\" aria-required=\"true\" aria-invalid=\"false\" placeholder=\"Ettev\u00f5te\" value=\"\" type=\"text\" name=\"text-434\" \/><\/span>\n<\/div>\n<div class=\"input-item\">\n\t<span class=\"wpcf7-form-control-wrap\" data-name=\"tel-686\"><input size=\"40\" maxlength=\"400\" class=\"wpcf7-form-control wpcf7-tel wpcf7-validates-as-required wpcf7-text wpcf7-validates-as-tel\" aria-required=\"true\" aria-invalid=\"false\" placeholder=\"Telefoni number\" value=\"\" type=\"tel\" name=\"tel-686\" \/><\/span>\n<\/div>\n<div class=\"input-item\">\n\t<span class=\"wpcf7-form-control-wrap\" data-name=\"email-532\"><input size=\"40\" maxlength=\"400\" class=\"wpcf7-form-control wpcf7-email wpcf7-validates-as-required wpcf7-text wpcf7-validates-as-email\" aria-required=\"true\" aria-invalid=\"false\" placeholder=\"Email\" value=\"\" type=\"email\" name=\"email-532\" \/><\/span>\n<\/div>\n<span class=\"wpcf7-form-control-wrap\" data-name=\"acceptance-327\"><span class=\"wpcf7-form-control wpcf7-acceptance\"><span class=\"wpcf7-list-item\"><label><input type=\"checkbox\" name=\"acceptance-327\" value=\"1\" aria-invalid=\"false\" \/><span class=\"wpcf7-list-item-label\"><p style=\"display:inline;font-size:14px;\"> Kinnitan, et olen lugenud ja n\u00f5ustun k\u00e4esolevas dokumendis s\u00e4testatud tingimustega <a href=\"https:\/\/waybiller.com\/et\/privaatsuspoliitika\/\" target=\"_blank\">Privaatsuspoliitika.<\/a><\/p><\/span><\/label><\/span><\/span><\/span>\n<span class=\"wpcf7-form-control-wrap\" data-name=\"acceptance-328\"><span class=\"wpcf7-form-control wpcf7-acceptance optional\"><span class=\"wpcf7-list-item\"><label><input type=\"checkbox\" name=\"acceptance-328\" value=\"1\" aria-invalid=\"false\" \/><span class=\"wpcf7-list-item-label\"><p style=\"display:inline;font-size:14px;\"> Jah, ma n\u00f5ustun saama personaalseid turunduss\u00f5numeid e-posti teel. <\/p><\/span><\/label><\/span><\/span><\/span>\n\n<div class=\"btn-block\">\n\t<button class=\"btn\">Saada<\/button>\n<\/div><div class=\"wpcf7-response-output\" aria-hidden=\"true\"><\/div>\n<\/form>\n<\/div>\n \n\t\t\t<\/div>\n\t\t<\/div>\n\t<\/div>\n<\/section>\n\n<section class=\"section more-link  \">\n\t<div class=\"container\">\n\t\t<h3>Rohkem teavet<\/h3>\n\t\t\t\t\t<ul>\n\t\t\t\t\n\t\t\t\t\t<li>\n\t\t\t\t\t\t\t\t\t\t\t\t\t<a href=\"https:\/\/waybiller.com\/et\/meist\/\" target=\"_self\">Meist<\/a>\n\t\t\t\t\t\t\t\t\t\t\t<\/li>\n\t\t\t\t\n\t\t\t\t\t<li>\n\t\t\t\t\t\t\t\t\t\t\t\t\t<a href=\"https:\/\/waybiller.com\/et\/karjaarivoimalused\/\" target=\"_self\">Tule t\u00f6\u00f6le<\/a>\n\t\t\t\t\t\t\t\t\t\t\t<\/li>\n\t\t\t\t\n\t\t\t\t\t<li>\n\t\t\t\t\t\t\t\t\t\t\t\t\t<a href=\"https:\/\/waybiller.com\/et\/hinnad\/\" target=\"_self\">Vaata hinnakirja<\/a>\n\t\t\t\t\t\t\t\t\t\t\t<\/li>\n\t\t\t\t\n\t\t\t\t\t<li>\n\t\t\t\t\t\t\t\t\t\t\t\t\t<a href=\"https:\/\/waybiller.com\/et\/edulood\/\" target=\"_self\">Tutvu edulugudega<\/a>\n\t\t\t\t\t\t\t\t\t\t\t<\/li>\n\t\t\t\t\t\t\t<\/ul>\n\t\t\t<\/div>\n<\/section>\n\n<section class=\"section partners\">\n\t<div class=\"container\">\n\t\t\t\t\t<div class=\"title\">\tLiitu Waybilleriga. Oled heas seltskonnas!<\/div>\n\t\t\t\t<div class=\"swiper partners-swiper\">\n\t\t\t<div class=\"swiper-wrapper\">\n\t\t\t\t\t\t\t\t\t\t\t\t\t\t\t<div class=\"swiper-slide\">\n\t\t\t\t\t\t\t<div class=\"partner-item\">\n\t\t\t\t\t\t\t\t<img loading=\"lazy\" decoding=\"async\" width=\"300\" height=\"90\" src=\"https:\/\/waybiller.com\/wp-content\/uploads\/2024\/10\/ragnsells-removebg-preview-e1659947607418.png\" class=\"attachment-full size-full\" alt=\"Ragn Sells\" \/>\t\t\t\t\t\t\t<\/div>\n\t\t\t\t\t\t<\/div>\n\t\t\t\t\t\t\t\t\t\t\t<div class=\"swiper-slide\">\n\t\t\t\t\t\t\t<div class=\"partner-item\">\n\t\t\t\t\t\t\t\t<img loading=\"lazy\" decoding=\"async\" width=\"154\" height=\"41\" src=\"https:\/\/waybiller.com\/wp-content\/uploads\/2024\/10\/kevili-4.png\" class=\"attachment-full size-full\" alt=\"Kevili\" srcset=\"https:\/\/waybiller.com\/wp-content\/uploads\/2024\/10\/kevili-4.png 154w, https:\/\/waybiller.com\/wp-content\/uploads\/2024\/10\/kevili-4-150x41.png 150w\" sizes=\"auto, (max-width: 154px) 100vw, 154px\" \/>\t\t\t\t\t\t\t<\/div>\n\t\t\t\t\t\t<\/div>\n\t\t\t\t\t\t\t\t\t\t\t<div class=\"swiper-slide\">\n\t\t\t\t\t\t\t<div class=\"partner-item\">\n\t\t\t\t\t\t\t\t<img loading=\"lazy\" decoding=\"async\" width=\"300\" height=\"59\" src=\"https:\/\/waybiller.com\/wp-content\/uploads\/2024\/10\/knc_logo-removebg-preview-e1659947539907.png\" class=\"attachment-full size-full\" alt=\"KNC\" \/>\t\t\t\t\t\t\t<\/div>\n\t\t\t\t\t\t<\/div>\n\t\t\t\t\t\t\t\t\t\t\t<div class=\"swiper-slide\">\n\t\t\t\t\t\t\t<div class=\"partner-item\">\n\t\t\t\t\t\t\t\t<img loading=\"lazy\" decoding=\"async\" width=\"192\" height=\"58\" src=\"https:\/\/waybiller.com\/wp-content\/uploads\/2024\/10\/logo.svg\" class=\"attachment-full size-full\" alt=\"Scandagra\" \/>\t\t\t\t\t\t\t<\/div>\n\t\t\t\t\t\t<\/div>\n\t\t\t\t\t\t\t\t\t\t\t<div class=\"swiper-slide\">\n\t\t\t\t\t\t\t<div class=\"partner-item\">\n\t\t\t\t\t\t\t\t<img loading=\"lazy\" decoding=\"async\" width=\"2064\" height=\"461\" src=\"https:\/\/waybiller.com\/wp-content\/uploads\/2024\/10\/Naeroysund-Kraftbetong-AS-logo-uai-2064x461-1.png\" class=\"attachment-full size-full\" alt=\"Naeroysund Kraftbetong\" srcset=\"https:\/\/waybiller.com\/wp-content\/uploads\/2024\/10\/Naeroysund-Kraftbetong-AS-logo-uai-2064x461-1.png 2064w, https:\/\/waybiller.com\/wp-content\/uploads\/2024\/10\/Naeroysund-Kraftbetong-AS-logo-uai-2064x461-1-300x67.png 300w, https:\/\/waybiller.com\/wp-content\/uploads\/2024\/10\/Naeroysund-Kraftbetong-AS-logo-uai-2064x461-1-1024x229.png 1024w, https:\/\/waybiller.com\/wp-content\/uploads\/2024\/10\/Naeroysund-Kraftbetong-AS-logo-uai-2064x461-1-768x172.png 768w, https:\/\/waybiller.com\/wp-content\/uploads\/2024\/10\/Naeroysund-Kraftbetong-AS-logo-uai-2064x461-1-1536x343.png 1536w, https:\/\/waybiller.com\/wp-content\/uploads\/2024\/10\/Naeroysund-Kraftbetong-AS-logo-uai-2064x461-1-2048x457.png 2048w\" sizes=\"auto, (max-width: 2064px) 100vw, 2064px\" \/>\t\t\t\t\t\t\t<\/div>\n\t\t\t\t\t\t<\/div>\n\t\t\t\t\t\t\t\t\t\t\t<div class=\"swiper-slide\">\n\t\t\t\t\t\t\t<div class=\"partner-item\">\n\t\t\t\t\t\t\t\t<img loading=\"lazy\" decoding=\"async\" width=\"250\" height=\"250\" src=\"https:\/\/waybiller.com\/wp-content\/uploads\/2024\/10\/PKOliver-removebg-preview-e1659947635283.png\" class=\"attachment-full size-full\" alt=\"PK Oliver\" srcset=\"https:\/\/waybiller.com\/wp-content\/uploads\/2024\/10\/PKOliver-removebg-preview-e1659947635283.png 250w, https:\/\/waybiller.com\/wp-content\/uploads\/2024\/10\/PKOliver-removebg-preview-e1659947635283-150x150.png 150w\" sizes=\"auto, (max-width: 250px) 100vw, 250px\" \/>\t\t\t\t\t\t\t<\/div>\n\t\t\t\t\t\t<\/div>\n\t\t\t\t\t\t\t\t\t\t\t<div class=\"swiper-slide\">\n\t\t\t\t\t\t\t<div class=\"partner-item\">\n\t\t\t\t\t\t\t\t<img loading=\"lazy\" decoding=\"async\" width=\"250\" height=\"199\" src=\"https:\/\/waybiller.com\/wp-content\/uploads\/2024\/10\/rudus-removebg-preview-e1659947656123.png\" class=\"attachment-full size-full\" alt=\"Rudus\" \/>\t\t\t\t\t\t\t<\/div>\n\t\t\t\t\t\t<\/div>\n\t\t\t\t\t\t\t\t\t\t\t<div class=\"swiper-slide\">\n\t\t\t\t\t\t\t<div class=\"partner-item\">\n\t\t\t\t\t\t\t\t<img loading=\"lazy\" decoding=\"async\" width=\"920\" height=\"161\" src=\"https:\/\/waybiller.com\/wp-content\/uploads\/2024\/10\/tariston_logo.png\" class=\"attachment-full size-full\" alt=\"Tariston\" srcset=\"https:\/\/waybiller.com\/wp-content\/uploads\/2024\/10\/tariston_logo.png 920w, https:\/\/waybiller.com\/wp-content\/uploads\/2024\/10\/tariston_logo-300x53.png 300w, https:\/\/waybiller.com\/wp-content\/uploads\/2024\/10\/tariston_logo-768x134.png 768w\" sizes=\"auto, (max-width: 920px) 100vw, 920px\" \/>\t\t\t\t\t\t\t<\/div>\n\t\t\t\t\t\t<\/div>\n\t\t\t\t\t\t\t\t\t\t\t<div class=\"swiper-slide\">\n\t\t\t\t\t\t\t<div class=\"partner-item\">\n\t\t\t\t\t\t\t\t<img loading=\"lazy\" decoding=\"async\" width=\"464\" height=\"109\" src=\"https:\/\/waybiller.com\/wp-content\/uploads\/2024\/10\/trev2-Edited.png\" class=\"attachment-full size-full\" alt=\"Trev2\" srcset=\"https:\/\/waybiller.com\/wp-content\/uploads\/2024\/10\/trev2-Edited.png 464w, https:\/\/waybiller.com\/wp-content\/uploads\/2024\/10\/trev2-Edited-300x70.png 300w\" sizes=\"auto, (max-width: 464px) 100vw, 464px\" \/>\t\t\t\t\t\t\t<\/div>\n\t\t\t\t\t\t<\/div>\n\t\t\t\t\t\t\t\t\t\t\t<div class=\"swiper-slide\">\n\t\t\t\t\t\t\t<div class=\"partner-item\">\n\t\t\t\t\t\t\t\t<img loading=\"lazy\" decoding=\"async\" width=\"300\" height=\"108\" src=\"https:\/\/waybiller.com\/wp-content\/uploads\/2024\/10\/baltic_agro-removebg-preview-e1659947475113-1.png\" class=\"attachment-full size-full\" alt=\"Baltic Agro\" \/>\t\t\t\t\t\t\t<\/div>\n\t\t\t\t\t\t<\/div>\n\t\t\t\t\t\t\t\t\t\t\t<div class=\"swiper-slide\">\n\t\t\t\t\t\t\t<div class=\"partner-item\">\n\t\t\t\t\t\t\t\t<img loading=\"lazy\" decoding=\"async\" width=\"115\" height=\"42\" src=\"https:\/\/waybiller.com\/wp-content\/uploads\/2024\/10\/eesti-killustik-4.png\" class=\"attachment-full size-full\" alt=\"Eesti Killustik\" \/>\t\t\t\t\t\t\t<\/div>\n\t\t\t\t\t\t<\/div>\n\t\t\t\t\t\t\t\t\t\t\t\t\t\t\t\t\t\t\t\t\t\t\t\t<div class=\"swiper-slide\">\n\t\t\t\t\t\t\t<div class=\"partner-item\">\n\t\t\t\t\t\t\t\t<img loading=\"lazy\" decoding=\"async\" width=\"300\" height=\"90\" src=\"https:\/\/waybiller.com\/wp-content\/uploads\/2024\/10\/ragnsells-removebg-preview-e1659947607418.png\" class=\"attachment-full size-full\" alt=\"Ragn Sells\" \/>\t\t\t\t\t\t\t<\/div>\n\t\t\t\t\t\t<\/div>\n\t\t\t\t\t\t\t\t\t\t\t<div class=\"swiper-slide\">\n\t\t\t\t\t\t\t<div class=\"partner-item\">\n\t\t\t\t\t\t\t\t<img loading=\"lazy\" decoding=\"async\" width=\"154\" height=\"41\" src=\"https:\/\/waybiller.com\/wp-content\/uploads\/2024\/10\/kevili-4.png\" class=\"attachment-full size-full\" alt=\"Kevili\" srcset=\"https:\/\/waybiller.com\/wp-content\/uploads\/2024\/10\/kevili-4.png 154w, https:\/\/waybiller.com\/wp-content\/uploads\/2024\/10\/kevili-4-150x41.png 150w\" sizes=\"auto, (max-width: 154px) 100vw, 154px\" \/>\t\t\t\t\t\t\t<\/div>\n\t\t\t\t\t\t<\/div>\n\t\t\t\t\t\t\t\t\t\t\t<div class=\"swiper-slide\">\n\t\t\t\t\t\t\t<div class=\"partner-item\">\n\t\t\t\t\t\t\t\t<img loading=\"lazy\" decoding=\"async\" width=\"300\" height=\"59\" src=\"https:\/\/waybiller.com\/wp-content\/uploads\/2024\/10\/knc_logo-removebg-preview-e1659947539907.png\" class=\"attachment-full size-full\" alt=\"KNC\" \/>\t\t\t\t\t\t\t<\/div>\n\t\t\t\t\t\t<\/div>\n\t\t\t\t\t\t\t\t\t\t\t<div class=\"swiper-slide\">\n\t\t\t\t\t\t\t<div class=\"partner-item\">\n\t\t\t\t\t\t\t\t<img loading=\"lazy\" decoding=\"async\" width=\"192\" height=\"58\" src=\"https:\/\/waybiller.com\/wp-content\/uploads\/2024\/10\/logo.svg\" class=\"attachment-full size-full\" alt=\"Scandagra\" \/>\t\t\t\t\t\t\t<\/div>\n\t\t\t\t\t\t<\/div>\n\t\t\t\t\t\t\t\t\t\t\t<div class=\"swiper-slide\">\n\t\t\t\t\t\t\t<div class=\"partner-item\">\n\t\t\t\t\t\t\t\t<img loading=\"lazy\" decoding=\"async\" width=\"2064\" height=\"461\" src=\"https:\/\/waybiller.com\/wp-content\/uploads\/2024\/10\/Naeroysund-Kraftbetong-AS-logo-uai-2064x461-1.png\" class=\"attachment-full size-full\" alt=\"Naeroysund Kraftbetong\" srcset=\"https:\/\/waybiller.com\/wp-content\/uploads\/2024\/10\/Naeroysund-Kraftbetong-AS-logo-uai-2064x461-1.png 2064w, https:\/\/waybiller.com\/wp-content\/uploads\/2024\/10\/Naeroysund-Kraftbetong-AS-logo-uai-2064x461-1-300x67.png 300w, https:\/\/waybiller.com\/wp-content\/uploads\/2024\/10\/Naeroysund-Kraftbetong-AS-logo-uai-2064x461-1-1024x229.png 1024w, https:\/\/waybiller.com\/wp-content\/uploads\/2024\/10\/Naeroysund-Kraftbetong-AS-logo-uai-2064x461-1-768x172.png 768w, https:\/\/waybiller.com\/wp-content\/uploads\/2024\/10\/Naeroysund-Kraftbetong-AS-logo-uai-2064x461-1-1536x343.png 1536w, https:\/\/waybiller.com\/wp-content\/uploads\/2024\/10\/Naeroysund-Kraftbetong-AS-logo-uai-2064x461-1-2048x457.png 2048w\" sizes=\"auto, (max-width: 2064px) 100vw, 2064px\" \/>\t\t\t\t\t\t\t<\/div>\n\t\t\t\t\t\t<\/div>\n\t\t\t\t\t\t\t\t\t\t\t<div class=\"swiper-slide\">\n\t\t\t\t\t\t\t<div class=\"partner-item\">\n\t\t\t\t\t\t\t\t<img loading=\"lazy\" decoding=\"async\" width=\"250\" height=\"250\" src=\"https:\/\/waybiller.com\/wp-content\/uploads\/2024\/10\/PKOliver-removebg-preview-e1659947635283.png\" class=\"attachment-full size-full\" alt=\"PK Oliver\" srcset=\"https:\/\/waybiller.com\/wp-content\/uploads\/2024\/10\/PKOliver-removebg-preview-e1659947635283.png 250w, https:\/\/waybiller.com\/wp-content\/uploads\/2024\/10\/PKOliver-removebg-preview-e1659947635283-150x150.png 150w\" sizes=\"auto, (max-width: 250px) 100vw, 250px\" \/>\t\t\t\t\t\t\t<\/div>\n\t\t\t\t\t\t<\/div>\n\t\t\t\t\t\t\t\t\t\t\t<div class=\"swiper-slide\">\n\t\t\t\t\t\t\t<div class=\"partner-item\">\n\t\t\t\t\t\t\t\t<img loading=\"lazy\" decoding=\"async\" width=\"250\" height=\"199\" src=\"https:\/\/waybiller.com\/wp-content\/uploads\/2024\/10\/rudus-removebg-preview-e1659947656123.png\" class=\"attachment-full size-full\" alt=\"Rudus\" \/>\t\t\t\t\t\t\t<\/div>\n\t\t\t\t\t\t<\/div>\n\t\t\t\t\t\t\t\t\t\t\t<div class=\"swiper-slide\">\n\t\t\t\t\t\t\t<div class=\"partner-item\">\n\t\t\t\t\t\t\t\t<img loading=\"lazy\" decoding=\"async\" width=\"920\" height=\"161\" src=\"https:\/\/waybiller.com\/wp-content\/uploads\/2024\/10\/tariston_logo.png\" class=\"attachment-full size-full\" alt=\"Tariston\" srcset=\"https:\/\/waybiller.com\/wp-content\/uploads\/2024\/10\/tariston_logo.png 920w, https:\/\/waybiller.com\/wp-content\/uploads\/2024\/10\/tariston_logo-300x53.png 300w, https:\/\/waybiller.com\/wp-content\/uploads\/2024\/10\/tariston_logo-768x134.png 768w\" sizes=\"auto, (max-width: 920px) 100vw, 920px\" \/>\t\t\t\t\t\t\t<\/div>\n\t\t\t\t\t\t<\/div>\n\t\t\t\t\t\t\t\t\t\t\t<div class=\"swiper-slide\">\n\t\t\t\t\t\t\t<div class=\"partner-item\">\n\t\t\t\t\t\t\t\t<img loading=\"lazy\" decoding=\"async\" width=\"464\" height=\"109\" src=\"https:\/\/waybiller.com\/wp-content\/uploads\/2024\/10\/trev2-Edited.png\" class=\"attachment-full size-full\" alt=\"Trev2\" srcset=\"https:\/\/waybiller.com\/wp-content\/uploads\/2024\/10\/trev2-Edited.png 464w, https:\/\/waybiller.com\/wp-content\/uploads\/2024\/10\/trev2-Edited-300x70.png 300w\" sizes=\"auto, (max-width: 464px) 100vw, 464px\" \/>\t\t\t\t\t\t\t<\/div>\n\t\t\t\t\t\t<\/div>\n\t\t\t\t\t\t\t\t\t\t\t<div class=\"swiper-slide\">\n\t\t\t\t\t\t\t<div class=\"partner-item\">\n\t\t\t\t\t\t\t\t<img loading=\"lazy\" decoding=\"async\" width=\"300\" height=\"108\" src=\"https:\/\/waybiller.com\/wp-content\/uploads\/2024\/10\/baltic_agro-removebg-preview-e1659947475113-1.png\" class=\"attachment-full size-full\" alt=\"Baltic Agro\" \/>\t\t\t\t\t\t\t<\/div>\n\t\t\t\t\t\t<\/div>\n\t\t\t\t\t\t\t\t\t\t\t<div class=\"swiper-slide\">\n\t\t\t\t\t\t\t<div class=\"partner-item\">\n\t\t\t\t\t\t\t\t<img loading=\"lazy\" decoding=\"async\" width=\"115\" height=\"42\" src=\"https:\/\/waybiller.com\/wp-content\/uploads\/2024\/10\/eesti-killustik-4.png\" class=\"attachment-full size-full\" alt=\"Eesti Killustik\" \/>\t\t\t\t\t\t\t<\/div>\n\t\t\t\t\t\t<\/div>\n\t\t\t\t\t\t\t\t\t\t\t\t<\/div>\n\t\t<\/div>\n\t<\/div>\n<\/section>\n\n<section class=\"section cta\">\n\t<div class=\"container\">\n\t\t<div class=\"flex\">\n\t\t\t\t\t\t\t<div class=\"title\">Laadi Waybilleri rakendus alla juba t\u00e4na<\/div>\n\t\t\t\t\t\t<div class=\"links\">\n\t\t\t\t\t\t\t\t\t<a href=\"https:\/\/apps.apple.com\/ee\/app\/waybiller\/id1459796969\" target=\"_self\" rel=\"noopener\"><img decoding=\"async\" src=\"https:\/\/waybiller.com\/wp-content\/themes\/waybiller\/assets\/img\/dist\/appstore.svg\" alt=\"\"><\/a>\n\t\t\t\t\t\t\t\t\t\t\t\t\t<a href=\"https:\/\/play.google.com\/store\/apps\/details?id=com.waybillerapp&#038;hl=et&#038;gl=US&#038;pli=1\" target=\"_self\" rel=\"noopener\"><img decoding=\"async\" src=\"https:\/\/waybiller.com\/wp-content\/themes\/waybiller\/assets\/img\/dist\/playmarket.svg\" alt=\"\"><\/a>\n\t\t\t\t\t\t\t<\/div>\n\t\t<\/div>\n\t<\/div>\n<\/section>","protected":false},"excerpt":{"rendered":"","protected":false},"author":1,"featured_media":0,"parent":0,"menu_order":0,"comment_status":"closed","ping_status":"closed","template":"","meta":{"_acf_changed":false,"footnotes":""},"class_list":["post-19335","page","type-page","status-publish","hentry"],"acf":[],"_links":{"self":[{"href":"https:\/\/waybiller.com\/et\/wp-json\/wp\/v2\/pages\/19335","targetHints":{"allow":["GET"]}}],"collection":[{"href":"https:\/\/waybiller.com\/et\/wp-json\/wp\/v2\/pages"}],"about":[{"href":"https:\/\/waybiller.com\/et\/wp-json\/wp\/v2\/types\/page"}],"author":[{"embeddable":true,"href":"https:\/\/waybiller.com\/et\/wp-json\/wp\/v2\/users\/1"}],"replies":[{"embeddable":true,"href":"https:\/\/waybiller.com\/et\/wp-json\/wp\/v2\/comments?post=19335"}],"version-history":[{"count":13,"href":"https:\/\/waybiller.com\/et\/wp-json\/wp\/v2\/pages\/19335\/revisions"}],"predecessor-version":[{"id":25739,"href":"https:\/\/waybiller.com\/et\/wp-json\/wp\/v2\/pages\/19335\/revisions\/25739"}],"wp:attachment":[{"href":"https:\/\/waybiller.com\/et\/wp-json\/wp\/v2\/media?parent=19335"}],"curies":[{"name":"wp","href":"https:\/\/api.w.org\/{rel}","templated":true}]}}